{"id":1741,"date":"2026-04-09T07:00:14","date_gmt":"2026-04-09T07:00:14","guid":{"rendered":"https:\/\/infovini.it\/?post_type=product&#038;p=1741"},"modified":"2026-04-09T07:02:12","modified_gmt":"2026-04-09T07:02:12","slug":"colle-dei-tigli-veneto-igt-bianco","status":"publish","type":"product","link":"https:\/\/infovini.it\/sl\/product\/colle-dei-tigli-veneto-igt-bianco\/","title":{"rendered":"\u201cColle dei Tigli\u201d Veneto IGT Bianco &#8211; Lenotti"},"content":{"rendered":"","protected":false},"excerpt":{"rendered":"<h2 style=\"text-align: center;\"><\/h2>\n<h3><em><strong>SESTAVINE<\/strong><\/em><\/h3>\n<p>Grozdje, rektificiran koncentriran mo\u0161t, stabilizator: E414, konzervans: <strong>E220<\/strong><\/p>\n<p><strong>Alergeni:<\/strong> <strong>\u017dveplov dioksid.<\/strong><\/p>\n<p>Ustekleni\u010deno v za\u0161\u010ditni atmosferi<\/p>\n<hr \/>\n<h3><em><strong>DEKLARACIJA HRANILNE VREDNOSTI<\/strong><\/em><\/h3>\n<p><strong>Povpre\u010dne hranilne vrednosti na 100 ml:<\/strong><\/p>\n<p><strong>Energijska vrednost: <\/strong>300 kJ \/ 72 kcal<\/p>\n<p><strong>Ma\u0161\u010dobe:<\/strong> 0 g<br \/>\n<strong>od tega nasi\u010dene ma\u0161\u010dobe:<\/strong> 0 g<\/p>\n<p><strong>Ogljikovi hidrati:<\/strong> 0,90 g<br \/>\n<strong>od tega sladkorji:<\/strong> 0,90 g<\/p>\n<p><strong>Beljakovine: <\/strong>0 g<\/p>\n<p><strong>sol: <\/strong>0 g<\/p>\n<hr \/>\n<h3><em><strong>INFORMACIJE O ODSTRANJEVANJU<\/strong><\/em><\/h3>\n<p><strong>Steklenica: <\/strong>GL70 \u2013 Zbirka stekla<\/p>\n<p><strong>Zaklju\u010dek:<br \/>\n<\/strong>\u2013 s pokrov\u010dkom: LDPE4 \u2013 Zbirka plastike<br \/>\n\u2013 vijak: C\/ALU90 \u2013 Zbirka aluminija<\/p>\n<p><strong>Kapsula: <\/strong>C\/PVC90 \u2013 Zbirka plastike<\/p>\n<p>Razvr\u0161\u010danje odpadkov. Preverite sistem zbiranja v va\u0161i ob\u010dini.<\/p>\n<p>&nbsp;<\/p>\n<p><a href=\"https:\/\/infovini.it\/sl\/\">Nazaj domov<\/a><\/p>","protected":false},"featured_media":1173,"comment_status":"closed","ping_status":"closed","template":"","meta":[],"product_cat":[21],"product_tag":[],"class_list":{"0":"post-1741","1":"product","2":"type-product","3":"status-publish","4":"has-post-thumbnail","5":"hentry","6":"product_cat-bottiglie","8":"entry","9":"has-media","10":"owp-thumbs-layout-horizontal","11":"owp-btn-normal","12":"owp-tabs-layout-horizontal","13":"has-no-thumbnails","14":"has-product-nav"},"_links":{"self":[{"href":"https:\/\/infovini.it\/sl\/wp-json\/wp\/v2\/product\/1741","targetHints":{"allow":["GET"]}}],"collection":[{"href":"https:\/\/infovini.it\/sl\/wp-json\/wp\/v2\/product"}],"about":[{"href":"https:\/\/infovini.it\/sl\/wp-json\/wp\/v2\/types\/product"}],"replies":[{"embeddable":true,"href":"https:\/\/infovini.it\/sl\/wp-json\/wp\/v2\/comments?post=1741"}],"wp:featuredmedia":[{"embeddable":true,"href":"https:\/\/infovini.it\/sl\/wp-json\/wp\/v2\/media\/1173"}],"wp:attachment":[{"href":"https:\/\/infovini.it\/sl\/wp-json\/wp\/v2\/media?parent=1741"}],"wp:term":[{"taxonomy":"product_cat","embeddable":true,"href":"https:\/\/infovini.it\/sl\/wp-json\/wp\/v2\/product_cat?post=1741"},{"taxonomy":"product_tag","embeddable":true,"href":"https:\/\/infovini.it\/sl\/wp-json\/wp\/v2\/product_tag?post=1741"}],"curies":[{"name":"wp","href":"https:\/\/api.w.org\/{rel}","templated":true}]}}