{"id":1275,"date":"2023-03-13T10:49:56","date_gmt":"2023-03-13T10:49:56","guid":{"rendered":"https:\/\/infovini.it\/?post_type=product&#038;p=1275"},"modified":"2025-05-28T06:39:50","modified_gmt":"2025-05-28T06:39:50","slug":"8000305631000","status":"publish","type":"product","link":"https:\/\/infovini.it\/sl\/product\/8000305631000\/","title":{"rendered":"8000305631000"},"content":{"rendered":"","protected":false},"excerpt":{"rendered":"<h2 style=\"text-align: center;\">Soave DOC Classico<\/h2>\n<hr \/>\n<h3><em><strong>SESTAVINE<\/strong><\/em><\/h3>\n<p>Grozdje, rektificiran koncentriran mo\u0161t, stabilizator: E414, konzervans: <strong>E220<\/strong><\/p>\n<p><strong>Alergeni:<\/strong>\u00a0<strong>\u017dveplov dioksid.<\/strong><\/p>\n<p>Ustekleni\u010deno v za\u0161\u010ditni atmosferi<\/p>\n<hr \/>\n<h3><em><strong>DEKLARACIJA HRANILNE VREDNOSTI<\/strong><\/em><\/h3>\n<p><strong>Povpre\u010dne hranilne vrednosti na 100 ml:<\/strong><\/p>\n<p><strong>Energijska vrednost: <\/strong>310 kJ \/ 74 kcal<\/p>\n<p><strong>Ma\u0161\u010dobe:<\/strong> 0 g<br \/>\n<strong>od tega nasi\u010dene ma\u0161\u010dobe:<\/strong> 0 g<\/p>\n<p><strong>Ogljikovi hidrati:<\/strong> 0,80 g<br \/>\n<strong>od tega sladkorji:<\/strong> 0,80 g<\/p>\n<p><strong>Beljakovine: <\/strong>0 g<\/p>\n<p><strong>sol: <\/strong>0 g<\/p>\n<hr \/>\n<h3><em><strong>INFORMACIJE O ODSTRANJEVANJU<\/strong><\/em><\/h3>\n<p><strong>Steklenica: <\/strong>GL70 \u2013 Zbirka stekla<\/p>\n<p><strong>pluta: <\/strong>LDPE4 \u2013 Zbirka plastike<\/p>\n<p><strong>Kapsula: <\/strong>C\/PVC90 \u2013 Zbirka plastike<\/p>\n<p>Razvr\u0161\u010danje odpadkov. Preverite sistem zbiranja v va\u0161i ob\u010dini.<\/p>\n<p>&nbsp;<\/p>\n<p><a href=\"https:\/\/infovini.it\/sl\/\">Nazaj domov<\/a><\/p>","protected":false},"featured_media":0,"comment_status":"closed","ping_status":"closed","template":"","meta":[],"product_cat":[21],"product_tag":[],"class_list":{"0":"post-1275","1":"product","2":"type-product","3":"status-publish","4":"hentry","5":"product_cat-bottiglie","7":"entry","8":"owp-thumbs-layout-horizontal","9":"owp-btn-normal","10":"owp-tabs-layout-horizontal","11":"has-no-thumbnails","12":"has-product-nav"},"_links":{"self":[{"href":"https:\/\/infovini.it\/sl\/wp-json\/wp\/v2\/product\/1275","targetHints":{"allow":["GET"]}}],"collection":[{"href":"https:\/\/infovini.it\/sl\/wp-json\/wp\/v2\/product"}],"about":[{"href":"https:\/\/infovini.it\/sl\/wp-json\/wp\/v2\/types\/product"}],"replies":[{"embeddable":true,"href":"https:\/\/infovini.it\/sl\/wp-json\/wp\/v2\/comments?post=1275"}],"wp:attachment":[{"href":"https:\/\/infovini.it\/sl\/wp-json\/wp\/v2\/media?parent=1275"}],"wp:term":[{"taxonomy":"product_cat","embeddable":true,"href":"https:\/\/infovini.it\/sl\/wp-json\/wp\/v2\/product_cat?post=1275"},{"taxonomy":"product_tag","embeddable":true,"href":"https:\/\/infovini.it\/sl\/wp-json\/wp\/v2\/product_tag?post=1275"}],"curies":[{"name":"wp","href":"https:\/\/api.w.org\/{rel}","templated":true}]}}