{"id":1194,"date":"2023-03-13T09:16:35","date_gmt":"2023-03-13T09:16:35","guid":{"rendered":"https:\/\/infovini.it\/?post_type=product&#038;p=1194"},"modified":"2025-05-28T06:47:59","modified_gmt":"2025-05-28T06:47:59","slug":"8000305641009","status":"publish","type":"product","link":"https:\/\/infovini.it\/sk\/product\/8000305641009\/","title":{"rendered":"8000305641009"},"content":{"rendered":"","protected":false},"excerpt":{"rendered":"<h2 style=\"text-align: center;\">Custoza DOC<\/h2>\n<hr \/>\n<h3><em><strong>INGREDIENCIE<\/strong><\/em><\/h3>\n<p>Hrozno, rektifikovan\u00fd zahusten\u00fd mu\u0161t, stabiliz\u00e1tor: E414, konzerva\u010dn\u00e1 l\u00e1tka: <strong>E220<\/strong><\/p>\n<p><strong>Alerg\u00e9ny:<\/strong> <strong>Oxid siri\u010dit\u00fd.<\/strong><\/p>\n<p>Balen\u00e9 v ochrannej atmosf\u00e9re<\/p>\n<hr \/>\n<h3><em><strong>V\u00dd\u017dIVOV\u00c9 DEKLAR\u00c1CIE<\/strong><\/em><\/h3>\n<p><strong>Priemern\u00e9 nutri\u010dn\u00e9 hodnoty na 100 ml:<\/strong><\/p>\n<p><strong>Energetick\u00e1 hodnota: <\/strong>296 kJ <strong>\/ <\/strong>71 kcal<\/p>\n<p><strong>Tuky:<\/strong> 0 g<br \/>\n<strong>z toho nas\u00fdten\u00e9 tuky:<\/strong> 0 g<\/p>\n<p><strong>Sacharidy:<\/strong> 0,70 g<br \/>\n<strong>z toho cukry:<\/strong> 0,70 g<\/p>\n<p><strong>Prote\u00edny: <\/strong>0 g<\/p>\n<p><strong>So\u013e: <\/strong>0 g<\/p>\n<hr \/>\n<h3><em><strong>INFORM\u00c1CIE O LIKVID\u00c1CII<\/strong><\/em><\/h3>\n<p><strong>F\u013ea\u0161a: <\/strong>GL70 \u2013 Kolekcia skla<\/p>\n<p><strong>Uzavretie:<br \/>\n<\/strong>\u2013 s uz\u00e1verom: LDPE4 \u2013 Plastov\u00fd zber<br \/>\n\u2013 skrutka: C\/ALU90 \u2013 Kolekcia hlin\u00edk<\/p>\n<p><strong>Kapsula: <\/strong>C\/PVC90 \u2013 Kolekcia plastov<\/p>\n<p>Triedenie odpadu. Skontrolujte si syst\u00e9m zberu vo va\u0161ej obci.<\/p>\n<p>&nbsp;<\/p>\n<p><a href=\"https:\/\/infovini.it\/sk\/\">Sp\u00e4\u0165 domov<\/a><\/p>","protected":false},"featured_media":0,"comment_status":"closed","ping_status":"closed","template":"","meta":[],"product_cat":[21],"product_tag":[],"class_list":{"0":"post-1194","1":"product","2":"type-product","3":"status-publish","4":"hentry","5":"product_cat-bottiglie","7":"entry","8":"owp-thumbs-layout-horizontal","9":"owp-btn-normal","10":"owp-tabs-layout-horizontal","11":"has-no-thumbnails","12":"has-product-nav"},"_links":{"self":[{"href":"https:\/\/infovini.it\/sk\/wp-json\/wp\/v2\/product\/1194","targetHints":{"allow":["GET"]}}],"collection":[{"href":"https:\/\/infovini.it\/sk\/wp-json\/wp\/v2\/product"}],"about":[{"href":"https:\/\/infovini.it\/sk\/wp-json\/wp\/v2\/types\/product"}],"replies":[{"embeddable":true,"href":"https:\/\/infovini.it\/sk\/wp-json\/wp\/v2\/comments?post=1194"}],"wp:attachment":[{"href":"https:\/\/infovini.it\/sk\/wp-json\/wp\/v2\/media?parent=1194"}],"wp:term":[{"taxonomy":"product_cat","embeddable":true,"href":"https:\/\/infovini.it\/sk\/wp-json\/wp\/v2\/product_cat?post=1194"},{"taxonomy":"product_tag","embeddable":true,"href":"https:\/\/infovini.it\/sk\/wp-json\/wp\/v2\/product_tag?post=1194"}],"curies":[{"name":"wp","href":"https:\/\/api.w.org\/{rel}","templated":true}]}}