{"id":1308,"date":"2023-03-13T13:45:28","date_gmt":"2023-03-13T13:45:28","guid":{"rendered":"https:\/\/infovini.it\/?post_type=product&#038;p=1308"},"modified":"2025-05-30T11:15:47","modified_gmt":"2025-05-30T11:15:47","slug":"8000305187002","status":"publish","type":"product","link":"https:\/\/infovini.it\/ro\/product\/8000305187002\/","title":{"rendered":"8000305187002"},"content":{"rendered":"","protected":false},"excerpt":{"rendered":"<h2 style=\"text-align: center;\">Amarone della Valpolicella DOCG Classico &#8211; Famiglia Lenotti<\/h2>\n<hr \/>\n<h3><em><strong>INGREDIENTE<\/strong><\/em><\/h3>\n<p>Struguri, Must concentrat rectificat, Stabilizator: E414, INS 455, Conservant: <strong>E220<\/strong><\/p>\n<p><strong>Alergeni: <\/strong>Dioxid de sulf.<\/p>\n<p>\u00cembuteliat \u00een atmosfer\u0103 protectoare<\/p>\n<hr \/>\n<h3><em><strong>INFORMA\u021aII PRIVIND ELIMINAREA<\/strong><\/em><\/h3>\n<p><strong>Sticla: <\/strong>GL71 \u2013 Colec\u021bia de sticl\u0103<\/p>\n<p><strong>Plut\u0103: <\/strong>LDPE4 \u2013 Colectare plastic<\/p>\n<p><strong>Capsul\u0103: <\/strong>C\/PVC90 \u2013 Colectie plastic<\/p>\n<p>Sortarea de\u0219eurilor. Verifica\u021bi sistemul de colectare din \u021bara dvs.<\/p>\n<p>&nbsp;<\/p>\n<p><a href=\"https:\/\/infovini.it\/ro\/\">\u00cenapoi acas\u0103<\/a><\/p>","protected":false},"featured_media":1309,"comment_status":"closed","ping_status":"closed","template":"","meta":[],"product_cat":[21],"product_tag":[],"class_list":{"0":"post-1308","1":"product","2":"type-product","3":"status-publish","4":"has-post-thumbnail","5":"hentry","6":"product_cat-bottiglie","8":"entry","9":"has-media","10":"owp-thumbs-layout-horizontal","11":"owp-btn-normal","12":"owp-tabs-layout-horizontal","13":"has-no-thumbnails","14":"has-product-nav"},"_links":{"self":[{"href":"https:\/\/infovini.it\/ro\/wp-json\/wp\/v2\/product\/1308","targetHints":{"allow":["GET"]}}],"collection":[{"href":"https:\/\/infovini.it\/ro\/wp-json\/wp\/v2\/product"}],"about":[{"href":"https:\/\/infovini.it\/ro\/wp-json\/wp\/v2\/types\/product"}],"replies":[{"embeddable":true,"href":"https:\/\/infovini.it\/ro\/wp-json\/wp\/v2\/comments?post=1308"}],"wp:featuredmedia":[{"embeddable":true,"href":"https:\/\/infovini.it\/ro\/wp-json\/wp\/v2\/media\/1309"}],"wp:attachment":[{"href":"https:\/\/infovini.it\/ro\/wp-json\/wp\/v2\/media?parent=1308"}],"wp:term":[{"taxonomy":"product_cat","embeddable":true,"href":"https:\/\/infovini.it\/ro\/wp-json\/wp\/v2\/product_cat?post=1308"},{"taxonomy":"product_tag","embeddable":true,"href":"https:\/\/infovini.it\/ro\/wp-json\/wp\/v2\/product_tag?post=1308"}],"curies":[{"name":"wp","href":"https:\/\/api.w.org\/{rel}","templated":true}]}}