{"id":1286,"date":"2023-03-13T13:02:42","date_gmt":"2023-03-13T13:02:42","guid":{"rendered":"https:\/\/infovini.it\/?post_type=product&#038;p=1286"},"modified":"2025-05-28T06:38:32","modified_gmt":"2025-05-28T06:38:32","slug":"8000305601089","status":"publish","type":"product","link":"https:\/\/infovini.it\/ro\/product\/8000305601089\/","title":{"rendered":"8000305601089"},"content":{"rendered":"","protected":false},"excerpt":{"rendered":"<h2 style=\"text-align: center;\">Pinot Grigio delle Venezie DOC<\/h2>\n<hr \/>\n<h3><em><strong>INGREDIENTE<\/strong><\/em><\/h3>\n<p>Struguri, Must concentrat rectificat, Stabilizator: E414, Conservant: <strong>E220<\/strong><\/p>\n<p><strong>Alergeni:<\/strong>\u00a0<strong>Dioxid de sulf.<\/strong><\/p>\n<p>\u00cembuteliat \u00een atmosfer\u0103 protectoare<\/p>\n<hr \/>\n<h3><em><strong>DECLARA\u021aIE NUTRI\u021aIONAL\u0102<\/strong><\/em><\/h3>\n<p><strong>Valori nutri\u021bionale medii la 100 ml:<\/strong><\/p>\n<p><strong>Valoare energetic\u0103: <\/strong>310 kJ \/ 74 kcal<\/p>\n<p><strong>Grasimi:<\/strong> 0 g<br \/>\n<strong>din care grasimi saturate:<\/strong> 0 g<\/p>\n<p><strong>Carbohidra\u021bi:<\/strong> 0,80 g<br \/>\n<strong>din care zaharuri:<\/strong> 0,80 g<\/p>\n<p><strong>Proteine: <\/strong>0 g<\/p>\n<p><strong>Sare: <\/strong>0 g<\/p>\n<hr \/>\n<h3><em><strong>INFORMA\u021aII PRIVIND ELIMINAREA<\/strong><\/em><\/h3>\n<p><strong>Sticla: <\/strong>GL70 \u2013 Colec\u021bia de sticl\u0103<\/p>\n<p><strong>\u00cenchidere:<br \/>\n<\/strong>\u2013 cu capac: LDPE4 \u2013 Colectare plastic<br \/>\n\u2013 surub: C\/ALU90 \u2013 Colectie aluminiu<\/p>\n<p><strong>Capsul\u0103: <\/strong>C\/PVC90 \u2013 Colectie plastic<\/p>\n<p>Sortarea de\u0219eurilor. Verifica\u021bi sistemul de colectare din municipiul dumneavoastr\u0103.<\/p>\n<p>&nbsp;<\/p>\n<p><a href=\"https:\/\/infovini.it\/ro\/\">\u00cenapoi acas\u0103<\/a><\/p>","protected":false},"featured_media":0,"comment_status":"closed","ping_status":"closed","template":"","meta":[],"product_cat":[21],"product_tag":[],"class_list":{"0":"post-1286","1":"product","2":"type-product","3":"status-publish","4":"hentry","5":"product_cat-bottiglie","7":"entry","8":"owp-thumbs-layout-horizontal","9":"owp-btn-normal","10":"owp-tabs-layout-horizontal","11":"has-no-thumbnails","12":"has-product-nav"},"_links":{"self":[{"href":"https:\/\/infovini.it\/ro\/wp-json\/wp\/v2\/product\/1286","targetHints":{"allow":["GET"]}}],"collection":[{"href":"https:\/\/infovini.it\/ro\/wp-json\/wp\/v2\/product"}],"about":[{"href":"https:\/\/infovini.it\/ro\/wp-json\/wp\/v2\/types\/product"}],"replies":[{"embeddable":true,"href":"https:\/\/infovini.it\/ro\/wp-json\/wp\/v2\/comments?post=1286"}],"wp:attachment":[{"href":"https:\/\/infovini.it\/ro\/wp-json\/wp\/v2\/media?parent=1286"}],"wp:term":[{"taxonomy":"product_cat","embeddable":true,"href":"https:\/\/infovini.it\/ro\/wp-json\/wp\/v2\/product_cat?post=1286"},{"taxonomy":"product_tag","embeddable":true,"href":"https:\/\/infovini.it\/ro\/wp-json\/wp\/v2\/product_tag?post=1286"}],"curies":[{"name":"wp","href":"https:\/\/api.w.org\/{rel}","templated":true}]}}