{"id":1258,"date":"2023-03-13T10:39:50","date_gmt":"2023-03-13T10:39:50","guid":{"rendered":"https:\/\/infovini.it\/?post_type=product&#038;p=1258"},"modified":"2025-06-03T14:44:05","modified_gmt":"2025-06-03T14:44:05","slug":"8000305721008","status":"publish","type":"product","link":"https:\/\/infovini.it\/ro\/product\/8000305721008\/","title":{"rendered":"8000305721008"},"content":{"rendered":"","protected":false},"excerpt":{"rendered":"<h2 style=\"text-align: center;\">\u00a0Chiaretto di Bardolino DOC Classico &#8211; Corte Olivi<\/h2>\n<hr \/>\n<h3><em><strong>INGREDIENTE<\/strong><\/em><\/h3>\n<p>Struguri, Must concentrat rectificat, Stabilizator: E414, Conservant: <strong>E220<\/strong><\/p>\n<p><strong>Alergeni: dioxid de sulf<\/strong><\/p>\n<p>\u00cembuteliat \u00een atmosfer\u0103 protectoare<\/p>\n<hr \/>\n<h3><em><strong>DECLARA\u021aIE NUTRI\u021aIONAL\u0102<\/strong><\/em><\/h3>\n<p><strong>Valori nutri\u021bionale medii la 100 ml:<\/strong><\/p>\n<p><strong>Valoare energetic\u0103: <\/strong>298 kJ <strong>\/ <\/strong>71 kcal<\/p>\n<p><strong>Grasimi:<\/strong> 0 g<br \/>\n<strong>din care grasimi saturate:<\/strong> 0 g<\/p>\n<p><strong>Carbohidra\u021bi:<\/strong> 0,80 g<br \/>\n<strong>din care zaharuri:<\/strong> 0,80 g<\/p>\n<p><strong>Proteine: <\/strong>0 g<\/p>\n<p><strong>Sare: <\/strong>0 g<\/p>\n<hr \/>\n<h3><em><strong>INFORMA\u021aII PRIVIND ELIMINAREA<\/strong><\/em><\/h3>\n<p><strong>Sticla: <\/strong>GL70 \u2013 Colec\u021bia de sticl\u0103<\/p>\n<p><strong>\u00cenchidere:<br \/>\n<\/strong>\u2013 cu capac: LDPE4 \u2013 Colectare plastic<br \/>\n\u2013 surub: C\/ALU90 \u2013 Colectie aluminiu<\/p>\n<p><strong>Capsul\u0103: <\/strong>C\/PVC90 \u2013 Colectie plastic<\/p>\n<p>Sortarea de\u0219eurilor. Verifica\u021bi sistemul de colectare din municipiul dumneavoastr\u0103.<\/p>\n<p>&nbsp;<\/p>\n<p><a href=\"https:\/\/infovini.it\/ro\/\">\u00cenapoi acas\u0103<\/a><\/p>","protected":false},"featured_media":1259,"comment_status":"closed","ping_status":"closed","template":"","meta":[],"product_cat":[21],"product_tag":[],"class_list":{"0":"post-1258","1":"product","2":"type-product","3":"status-publish","4":"has-post-thumbnail","5":"hentry","6":"product_cat-bottiglie","8":"entry","9":"has-media","10":"owp-thumbs-layout-horizontal","11":"owp-btn-normal","12":"owp-tabs-layout-horizontal","13":"has-no-thumbnails","14":"has-product-nav"},"_links":{"self":[{"href":"https:\/\/infovini.it\/ro\/wp-json\/wp\/v2\/product\/1258","targetHints":{"allow":["GET"]}}],"collection":[{"href":"https:\/\/infovini.it\/ro\/wp-json\/wp\/v2\/product"}],"about":[{"href":"https:\/\/infovini.it\/ro\/wp-json\/wp\/v2\/types\/product"}],"replies":[{"embeddable":true,"href":"https:\/\/infovini.it\/ro\/wp-json\/wp\/v2\/comments?post=1258"}],"wp:featuredmedia":[{"embeddable":true,"href":"https:\/\/infovini.it\/ro\/wp-json\/wp\/v2\/media\/1259"}],"wp:attachment":[{"href":"https:\/\/infovini.it\/ro\/wp-json\/wp\/v2\/media?parent=1258"}],"wp:term":[{"taxonomy":"product_cat","embeddable":true,"href":"https:\/\/infovini.it\/ro\/wp-json\/wp\/v2\/product_cat?post=1258"},{"taxonomy":"product_tag","embeddable":true,"href":"https:\/\/infovini.it\/ro\/wp-json\/wp\/v2\/product_tag?post=1258"}],"curies":[{"name":"wp","href":"https:\/\/api.w.org\/{rel}","templated":true}]}}