{"id":1286,"date":"2023-03-13T13:02:42","date_gmt":"2023-03-13T13:02:42","guid":{"rendered":"https:\/\/infovini.it\/?post_type=product&#038;p=1286"},"modified":"2025-05-28T06:38:32","modified_gmt":"2025-05-28T06:38:32","slug":"8000305601089","status":"publish","type":"product","link":"https:\/\/infovini.it\/pt\/product\/8000305601089\/","title":{"rendered":"8000305601089"},"content":{"rendered":"","protected":false},"excerpt":{"rendered":"<h2 style=\"text-align: center;\">Pinot Grigio delle Venezie DOC<\/h2>\n<hr \/>\n<h3><em><strong>INGREDIENTES<\/strong><\/em><\/h3>\n<p>Uvas, Mosto concentrado retificado, Estabilizante: E414, Conservante: <strong>E220<\/strong><\/p>\n<p><strong>Al\u00e9rgenos:<\/strong>\u00a0<strong>Di\u00f3xido de enxofre.<\/strong><\/p>\n<p>Engarrafado em atmosfera protetora<\/p>\n<hr \/>\n<h3><em><strong>DECLARA\u00c7\u00c3O NUTRICIONAL<\/strong><\/em><\/h3>\n<p><strong>Valores nutricionais m\u00e9dios por 100ml:<\/strong><\/p>\n<p><strong>Valor energ\u00e9tico: <\/strong>310 kJ \/ 74 kcal<\/p>\n<p><strong>Gorduras:<\/strong> 0g<br \/>\n<strong>dos quais gorduras saturadas:<\/strong> 0g<\/p>\n<p><strong>Carboidratos:<\/strong> 0,80 g<br \/>\n<strong>dos quais a\u00e7\u00facares:<\/strong> 0,80 g<\/p>\n<p><strong>Prote\u00ednas: <\/strong>0g<\/p>\n<p><strong>Sal: <\/strong>0g<\/p>\n<hr \/>\n<h3><em><strong>INFORMA\u00c7\u00d5ES DE ELIMINA\u00c7\u00c3O<\/strong><\/em><\/h3>\n<p><strong>Garrafa: <\/strong>GL70 \u2013 Cole\u00e7\u00e3o de vidros<\/p>\n<p><strong>Fecho:<br \/>\n<\/strong>\u2013 com tampa: LDPE4 \u2013 Coleta de pl\u00e1stico<br \/>\n\u2013 parafuso: C\/ALU90 \u2013 Cole\u00e7\u00e3o alum\u00ednio<\/p>\n<p><strong>C\u00e1psula: <\/strong>C\/PVC90 \u2013 Coleta de pl\u00e1stico<\/p>\n<p>Triagem de res\u00edduos. Verifique o sistema de coleta do seu munic\u00edpio.<\/p>\n<p>&nbsp;<\/p>\n<p><a href=\"https:\/\/infovini.it\/pt\/\">De volta para casa<\/a><\/p>","protected":false},"featured_media":0,"comment_status":"closed","ping_status":"closed","template":"","meta":[],"product_cat":[21],"product_tag":[],"class_list":{"0":"post-1286","1":"product","2":"type-product","3":"status-publish","4":"hentry","5":"product_cat-bottiglie","7":"entry","8":"owp-thumbs-layout-horizontal","9":"owp-btn-normal","10":"owp-tabs-layout-horizontal","11":"has-no-thumbnails","12":"has-product-nav"},"_links":{"self":[{"href":"https:\/\/infovini.it\/pt\/wp-json\/wp\/v2\/product\/1286","targetHints":{"allow":["GET"]}}],"collection":[{"href":"https:\/\/infovini.it\/pt\/wp-json\/wp\/v2\/product"}],"about":[{"href":"https:\/\/infovini.it\/pt\/wp-json\/wp\/v2\/types\/product"}],"replies":[{"embeddable":true,"href":"https:\/\/infovini.it\/pt\/wp-json\/wp\/v2\/comments?post=1286"}],"wp:attachment":[{"href":"https:\/\/infovini.it\/pt\/wp-json\/wp\/v2\/media?parent=1286"}],"wp:term":[{"taxonomy":"product_cat","embeddable":true,"href":"https:\/\/infovini.it\/pt\/wp-json\/wp\/v2\/product_cat?post=1286"},{"taxonomy":"product_tag","embeddable":true,"href":"https:\/\/infovini.it\/pt\/wp-json\/wp\/v2\/product_tag?post=1286"}],"curies":[{"name":"wp","href":"https:\/\/api.w.org\/{rel}","templated":true}]}}