{"id":1222,"date":"2023-03-13T10:08:19","date_gmt":"2023-03-13T10:08:19","guid":{"rendered":"https:\/\/infovini.it\/?post_type=product&#038;p=1222"},"modified":"2025-05-30T11:20:08","modified_gmt":"2025-05-30T11:20:08","slug":"8000305217006","status":"publish","type":"product","link":"https:\/\/infovini.it\/pt\/product\/8000305217006\/","title":{"rendered":"8000305217006"},"content":{"rendered":"","protected":false},"excerpt":{"rendered":"<h2 style=\"text-align: center;\">Bardolino Doc Classico &#8211; Formelle<\/h2>\n<hr \/>\n<h3><em><strong>INGREDIENTES<\/strong><\/em><\/h3>\n<p>Uvas, Mosto concentrado retificado, Estabilizante: E414, INS 455, Conservante: <strong>E220<\/strong><\/p>\n<p><strong>Al\u00e9rgenos:<\/strong>\u00a0<strong>Di\u00f3xido de enxofre.<\/strong><\/p>\n<p>Engarrafado em atmosfera protetora<\/p>\n<hr \/>\n<h3><em><strong>DECLARA\u00c7\u00c3O NUTRICIONAL<\/strong><\/em><\/h3>\n<p><strong>Valores nutricionais m\u00e9dios por 100ml:<\/strong><\/p>\n<p><strong>Valor energ\u00e9tico: <\/strong>298 kJ \/ 71 kcal<\/p>\n<p><strong>Gorduras:<\/strong> 0g<br \/>\n<strong>dos quais gorduras saturadas:<\/strong> 0g<\/p>\n<p><strong>Carboidratos:<\/strong> 0,80 g<br \/>\n<strong>dos quais a\u00e7\u00facares:<\/strong> 0,80 g<\/p>\n<p><strong>Prote\u00ednas: <\/strong>0g<\/p>\n<p><strong>Sal: <\/strong>0g<\/p>\n<hr \/>\n<h3><em><strong>INFORMA\u00c7\u00d5ES DE ELIMINA\u00c7\u00c3O<\/strong><\/em><\/h3>\n<p><strong>Garrafa: <\/strong>GL71 \u2013 Cole\u00e7\u00e3o de vidros<\/p>\n<p><strong>Fecho:<br \/>\n<\/strong>\u2013 com tampa: LDPE4 \u2013 Coleta de pl\u00e1stico<br \/>\n\u2013 parafuso: C\/ALU90 \u2013 Cole\u00e7\u00e3o alum\u00ednio<\/p>\n<p><strong>C\u00e1psula: <\/strong>C\/PVC90 \u2013 Coleta de pl\u00e1stico<\/p>\n<p>Triagem de res\u00edduos. Verifique o sistema de coleta do seu munic\u00edpio.<\/p>\n<p>&nbsp;<\/p>\n<p><a href=\"https:\/\/infovini.it\/pt\/\">De volta para casa<\/a><\/p>","protected":false},"featured_media":1224,"comment_status":"closed","ping_status":"closed","template":"","meta":[],"product_cat":[21],"product_tag":[],"class_list":{"0":"post-1222","1":"product","2":"type-product","3":"status-publish","4":"has-post-thumbnail","5":"hentry","6":"product_cat-bottiglie","8":"entry","9":"has-media","10":"owp-thumbs-layout-horizontal","11":"owp-btn-normal","12":"owp-tabs-layout-horizontal","13":"has-no-thumbnails","14":"has-product-nav"},"_links":{"self":[{"href":"https:\/\/infovini.it\/pt\/wp-json\/wp\/v2\/product\/1222","targetHints":{"allow":["GET"]}}],"collection":[{"href":"https:\/\/infovini.it\/pt\/wp-json\/wp\/v2\/product"}],"about":[{"href":"https:\/\/infovini.it\/pt\/wp-json\/wp\/v2\/types\/product"}],"replies":[{"embeddable":true,"href":"https:\/\/infovini.it\/pt\/wp-json\/wp\/v2\/comments?post=1222"}],"wp:featuredmedia":[{"embeddable":true,"href":"https:\/\/infovini.it\/pt\/wp-json\/wp\/v2\/media\/1224"}],"wp:attachment":[{"href":"https:\/\/infovini.it\/pt\/wp-json\/wp\/v2\/media?parent=1222"}],"wp:term":[{"taxonomy":"product_cat","embeddable":true,"href":"https:\/\/infovini.it\/pt\/wp-json\/wp\/v2\/product_cat?post=1222"},{"taxonomy":"product_tag","embeddable":true,"href":"https:\/\/infovini.it\/pt\/wp-json\/wp\/v2\/product_tag?post=1222"}],"curies":[{"name":"wp","href":"https:\/\/api.w.org\/{rel}","templated":true}]}}