{"id":1741,"date":"2026-04-09T07:00:14","date_gmt":"2026-04-09T07:00:14","guid":{"rendered":"https:\/\/infovini.it\/?post_type=product&#038;p=1741"},"modified":"2026-04-09T07:02:12","modified_gmt":"2026-04-09T07:02:12","slug":"colle-dei-tigli-veneto-igt-bianco","status":"publish","type":"product","link":"https:\/\/infovini.it\/pl\/product\/colle-dei-tigli-veneto-igt-bianco\/","title":{"rendered":"\u201cColle dei Tigli\u201d Veneto IGT Bianco &#8211; Lenotti"},"content":{"rendered":"","protected":false},"excerpt":{"rendered":"<h2 style=\"text-align: center;\"><\/h2>\n<h3><em><strong>SK\u0141ADNIKI<\/strong><\/em><\/h3>\n<p>Winogrona, Moszcz zag\u0119szczony rektyfikowany, Stabilizator: E414, Substancja konserwuj\u0105ca: <strong>E220<\/strong><\/p>\n<p><strong>Alergeny:<\/strong> <strong>Dwutlenek siarki.<\/strong><\/p>\n<p>Butelkowane w atmosferze ochronnej<\/p>\n<hr \/>\n<h3><em><strong>DEKLARACJA \u017bYWIENIOWA<\/strong><\/em><\/h3>\n<p><strong>\u015arednie warto\u015bci od\u017cywcze na 100ml:<\/strong><\/p>\n<p><strong>Warto\u015b\u0107 energetyczna: <\/strong>300 kJ \/ 72 kcal<\/p>\n<p><strong>T\u0142uszcze:<\/strong> 0 gr<br \/>\n<strong>w tym t\u0142uszcze nasycone:<\/strong> 0 gr<\/p>\n<p><strong>W\u0119glowodany:<\/strong> 0,90 grama<br \/>\n<strong>z kt\u00f3rych cukr\u00f3w:<\/strong> 0,90 grama<\/p>\n<p><strong>Bia\u0142ka: <\/strong>0 gr<\/p>\n<p><strong>S\u00f3l: <\/strong>0 gr<\/p>\n<hr \/>\n<h3><em><strong>INFORMACJE O UTYLIZACJI<\/strong><\/em><\/h3>\n<p><strong>Butelka: <\/strong>GL70 \u2013 Kolekcja szklana<\/p>\n<p><strong>Zamkni\u0119cie:<br \/>\n<\/strong>\u2013 z zakr\u0119tk\u0105: LDPE4 \u2013 Odbi\u00f3r tworzyw sztucznych<br \/>\n\u2013 \u015bruba: C\/ALU90 \u2013 kolekcja Aluminium<\/p>\n<p><strong>Kapsu\u0142a: <\/strong>C\/PVC90 \u2013 Kolekcja tworzyw sztucznych<\/p>\n<p>Sortowanie \u015bmieci. Sprawd\u017a system zbi\u00f3rki w Twojej gminie.<\/p>\n<p>&nbsp;<\/p>\n<p><a href=\"https:\/\/infovini.it\/pl\/\">Wr\u00f3ci\u0107 do domu<\/a><\/p>","protected":false},"featured_media":1173,"comment_status":"closed","ping_status":"closed","template":"","meta":[],"product_cat":[21],"product_tag":[],"class_list":{"0":"post-1741","1":"product","2":"type-product","3":"status-publish","4":"has-post-thumbnail","5":"hentry","6":"product_cat-bottiglie","8":"entry","9":"has-media","10":"owp-thumbs-layout-horizontal","11":"owp-btn-normal","12":"owp-tabs-layout-horizontal","13":"has-no-thumbnails","14":"has-product-nav"},"_links":{"self":[{"href":"https:\/\/infovini.it\/pl\/wp-json\/wp\/v2\/product\/1741","targetHints":{"allow":["GET"]}}],"collection":[{"href":"https:\/\/infovini.it\/pl\/wp-json\/wp\/v2\/product"}],"about":[{"href":"https:\/\/infovini.it\/pl\/wp-json\/wp\/v2\/types\/product"}],"replies":[{"embeddable":true,"href":"https:\/\/infovini.it\/pl\/wp-json\/wp\/v2\/comments?post=1741"}],"wp:featuredmedia":[{"embeddable":true,"href":"https:\/\/infovini.it\/pl\/wp-json\/wp\/v2\/media\/1173"}],"wp:attachment":[{"href":"https:\/\/infovini.it\/pl\/wp-json\/wp\/v2\/media?parent=1741"}],"wp:term":[{"taxonomy":"product_cat","embeddable":true,"href":"https:\/\/infovini.it\/pl\/wp-json\/wp\/v2\/product_cat?post=1741"},{"taxonomy":"product_tag","embeddable":true,"href":"https:\/\/infovini.it\/pl\/wp-json\/wp\/v2\/product_tag?post=1741"}],"curies":[{"name":"wp","href":"https:\/\/api.w.org\/{rel}","templated":true}]}}