{"id":1344,"date":"2023-03-14T14:52:48","date_gmt":"2023-03-14T14:52:48","guid":{"rendered":"https:\/\/infovini.it\/?post_type=product&#038;p=1344"},"modified":"2025-05-30T11:11:59","modified_gmt":"2025-05-30T11:11:59","slug":"8000305057008","status":"publish","type":"product","link":"https:\/\/infovini.it\/pl\/product\/8000305057008\/","title":{"rendered":"8000305057008"},"content":{"rendered":"","protected":false},"excerpt":{"rendered":"<h2 style=\"text-align: center;\">&#8220;Decus&#8221; Collezione Valpolicella Ripasso DOC Classico Superiore &#8211; Cantine Lenotti<\/h2>\n<hr \/>\n<h3><em><strong>SK\u0141ADNIKI<\/strong><\/em><\/h3>\n<p>Winogrona, rektyfikowany moszcz zag\u0119szczony, stabilizator: E414, INS 455, substancja konserwuj\u0105ca: <strong>E220<\/strong><\/p>\n<p><strong>Alergeny:<\/strong> Dwutlenek siarki.<\/p>\n<p>Butelkowane w atmosferze ochronnej<\/p>\n<hr \/>\n<h3><em><strong>DEKLARACJA \u017bYWIENIOWA<\/strong><\/em><\/h3>\n<p><strong>\u015arednie warto\u015bci od\u017cywcze na 100ml:<\/strong><\/p>\n<p><strong>Warto\u015b\u0107 energetyczna: <\/strong>359 kJ \/ 86 kcal<\/p>\n<p><strong>T\u0142uszcze:<\/strong> 0 gr<br \/>\n<strong>w tym t\u0142uszcze nasycone:<\/strong> 0 gr<\/p>\n<p><strong>W\u0119glowodany:<\/strong> 1,00 g<br \/>\n<strong>z kt\u00f3rych cukr\u00f3w:<\/strong> 1,00 g<\/p>\n<p><strong>Bia\u0142ka: <\/strong>0 gr<\/p>\n<p><strong>S\u00f3l: <\/strong>0 gr<\/p>\n<hr \/>\n<h3><em><strong>INFORMACJE O UTYLIZACJI<\/strong><\/em><\/h3>\n<p><strong>Butelka: <\/strong>GL71 \u2013 Kolekcja szklana<\/p>\n<p><strong>Korek: <\/strong>LDPE4 \u2013 Odbi\u00f3r tworzyw sztucznych<\/p>\n<p><strong>Kapsu\u0142a: <\/strong>C\/PVC90 \u2013 Kolekcja tworzyw sztucznych<\/p>\n<p>Sortowanie \u015bmieci. Sprawd\u017a system zbi\u00f3rki w swoim kraju.<\/p>\n<p>&nbsp;<\/p>\n<p><a href=\"https:\/\/infovini.it\/pl\/\">Wr\u00f3ci\u0107 do domu<\/a><\/p>","protected":false},"featured_media":1345,"comment_status":"closed","ping_status":"closed","template":"","meta":[],"product_cat":[21],"product_tag":[],"class_list":{"0":"post-1344","1":"product","2":"type-product","3":"status-publish","4":"has-post-thumbnail","5":"hentry","6":"product_cat-bottiglie","8":"entry","9":"has-media","10":"owp-thumbs-layout-horizontal","11":"owp-btn-normal","12":"owp-tabs-layout-horizontal","13":"has-no-thumbnails","14":"has-product-nav"},"_links":{"self":[{"href":"https:\/\/infovini.it\/pl\/wp-json\/wp\/v2\/product\/1344","targetHints":{"allow":["GET"]}}],"collection":[{"href":"https:\/\/infovini.it\/pl\/wp-json\/wp\/v2\/product"}],"about":[{"href":"https:\/\/infovini.it\/pl\/wp-json\/wp\/v2\/types\/product"}],"replies":[{"embeddable":true,"href":"https:\/\/infovini.it\/pl\/wp-json\/wp\/v2\/comments?post=1344"}],"wp:featuredmedia":[{"embeddable":true,"href":"https:\/\/infovini.it\/pl\/wp-json\/wp\/v2\/media\/1345"}],"wp:attachment":[{"href":"https:\/\/infovini.it\/pl\/wp-json\/wp\/v2\/media?parent=1344"}],"wp:term":[{"taxonomy":"product_cat","embeddable":true,"href":"https:\/\/infovini.it\/pl\/wp-json\/wp\/v2\/product_cat?post=1344"},{"taxonomy":"product_tag","embeddable":true,"href":"https:\/\/infovini.it\/pl\/wp-json\/wp\/v2\/product_tag?post=1344"}],"curies":[{"name":"wp","href":"https:\/\/api.w.org\/{rel}","templated":true}]}}