{"id":1315,"date":"2023-03-13T13:58:48","date_gmt":"2023-03-13T13:58:48","guid":{"rendered":"https:\/\/infovini.it\/?post_type=product&#038;p=1315"},"modified":"2025-05-30T11:14:23","modified_gmt":"2025-05-30T11:14:23","slug":"8000305651008","status":"publish","type":"product","link":"https:\/\/infovini.it\/pl\/product\/8000305651008\/","title":{"rendered":"8000305651008"},"content":{"rendered":"","protected":false},"excerpt":{"rendered":"<h2 class=\"elementor-heading-title elementor-size-default\" style=\"text-align: center;\">Valpolicella Doc Classico<\/h2>\n<hr \/>\n<h3><em><strong>SK\u0141ADNIKI<\/strong><\/em><\/h3>\n<p>Winogrona, rektyfikowany moszcz zag\u0119szczony, stabilizator: E414, INS 455, substancja konserwuj\u0105ca: <strong>E220<\/strong><\/p>\n<p><strong>Alergeny:<\/strong>\u00a0<strong>Dwutlenek siarki.<\/strong><\/p>\n<p>Butelkowane w atmosferze ochronnej<\/p>\n<hr \/>\n<h3><em><strong>DEKLARACJA \u017bYWIENIOWA<\/strong><\/em><\/h3>\n<p><strong>\u015arednie warto\u015bci od\u017cywcze na 100ml:<\/strong><\/p>\n<p><strong>Warto\u015b\u0107 energetyczna: <\/strong>319 kJ \/ 76 kcal<\/p>\n<p><strong>T\u0142uszcze:<\/strong> 0 gr<br \/>\n<strong>w tym t\u0142uszcze nasycone:<\/strong> 0 gr<\/p>\n<p><strong>W\u0119glowodany:<\/strong> 0,70 g<br \/>\n<strong>z kt\u00f3rych cukr\u00f3w:<\/strong> 0,70 g<\/p>\n<p><strong>Bia\u0142ka: <\/strong>0 gr<\/p>\n<p><strong>S\u00f3l: <\/strong>0 gr<\/p>\n<hr \/>\n<h3><em><strong>INFORMACJE O UTYLIZACJI<\/strong><\/em><\/h3>\n<p><strong>Butelka: <\/strong>GL71 \u2013 Kolekcja szklana<\/p>\n<p><strong>Korek: <\/strong>LDPE4 \u2013 Odbi\u00f3r tworzyw sztucznych<\/p>\n<p><strong>Kapsu\u0142a: <\/strong>C\/PVC90 \u2013 Kolekcja tworzyw sztucznych<\/p>\n<p>Sortowanie \u015bmieci. Sprawd\u017a system zbi\u00f3rki w swoim kraju.<\/p>\n<p>&nbsp;<\/p>\n<p><a href=\"https:\/\/infovini.it\/pl\/\">Wr\u00f3ci\u0107 do domu<\/a><\/p>","protected":false},"featured_media":0,"comment_status":"closed","ping_status":"closed","template":"","meta":[],"product_cat":[21],"product_tag":[],"class_list":{"0":"post-1315","1":"product","2":"type-product","3":"status-publish","4":"hentry","5":"product_cat-bottiglie","7":"entry","8":"owp-thumbs-layout-horizontal","9":"owp-btn-normal","10":"owp-tabs-layout-horizontal","11":"has-no-thumbnails","12":"has-product-nav"},"_links":{"self":[{"href":"https:\/\/infovini.it\/pl\/wp-json\/wp\/v2\/product\/1315","targetHints":{"allow":["GET"]}}],"collection":[{"href":"https:\/\/infovini.it\/pl\/wp-json\/wp\/v2\/product"}],"about":[{"href":"https:\/\/infovini.it\/pl\/wp-json\/wp\/v2\/types\/product"}],"replies":[{"embeddable":true,"href":"https:\/\/infovini.it\/pl\/wp-json\/wp\/v2\/comments?post=1315"}],"wp:attachment":[{"href":"https:\/\/infovini.it\/pl\/wp-json\/wp\/v2\/media?parent=1315"}],"wp:term":[{"taxonomy":"product_cat","embeddable":true,"href":"https:\/\/infovini.it\/pl\/wp-json\/wp\/v2\/product_cat?post=1315"},{"taxonomy":"product_tag","embeddable":true,"href":"https:\/\/infovini.it\/pl\/wp-json\/wp\/v2\/product_tag?post=1315"}],"curies":[{"name":"wp","href":"https:\/\/api.w.org\/{rel}","templated":true}]}}