{"id":1425,"date":"2024-04-11T09:23:09","date_gmt":"2024-04-11T09:23:09","guid":{"rendered":"https:\/\/infovini.it\/?post_type=product&#038;p=1425"},"modified":"2025-05-28T06:29:45","modified_gmt":"2025-05-28T06:29:45","slug":"8000305001018","status":"publish","type":"product","link":"https:\/\/infovini.it\/lv\/product\/8000305001018\/","title":{"rendered":"8000305001018"},"content":{"rendered":"","protected":false},"excerpt":{"rendered":"<h2 style=\"text-align: center;\">&#8220;Carlo Lenotti&#8221; Collezione Pinot Grigio delle Venezie DOC &#8211; Cantine Lenotti<\/h2>\n<hr \/>\n<h3><em><strong>SAST\u0100VDA\u013bAS<\/strong><\/em><\/h3>\n<p>V\u012bnogas, rektific\u0113ta koncentr\u0113ta misa, stabiliz\u0113t\u0101js: E414, konservants: <strong>E220<\/strong><\/p>\n<p><strong>Alerg\u0113ni:<\/strong> S\u0113ra dioks\u012bds.<\/p>\n<p>Iepild\u012bts pudel\u0113s aizsarg\u0101jo\u0161\u0101 atmosf\u0113r\u0101<\/p>\n<hr \/>\n<h3><em><strong>UZTURA PAZI\u0145OJUMS<\/strong><\/em><\/h3>\n<p><strong>Vid\u0113j\u0101s uzturv\u0113rt\u012bbas uz 100 ml:<\/strong><\/p>\n<p><strong>Ener\u0123\u0113tisk\u0101 v\u0113rt\u012bba: <\/strong>310 kJ \/ 74 kcal<\/p>\n<p><strong>Tauki:<\/strong> 0\u00a0g<br \/>\n<strong>no tiem pies\u0101tin\u0101tie tauki:<\/strong> 0\u00a0g<\/p>\n<p><strong>Og\u013chidr\u0101ti:<\/strong> 0,80 g<br \/>\n<strong>no tiem cukuri:<\/strong> 0,80 g<\/p>\n<p><strong>Olbaltumvielas: <\/strong>0\u00a0g<\/p>\n<p><strong>S\u0101ls: <\/strong>0\u00a0g<\/p>\n<hr \/>\n<h3><em><strong>INFORM\u0100CIJA PAR L\u012aDZIEM<\/strong><\/em><\/h3>\n<p><strong>Pudele: <\/strong>GL70 \u2013 Stikla kolekcija<\/p>\n<p><strong>Sl\u0113g\u0161ana:<br \/>\n<\/strong>\u2013 ar v\u0101ci\u0146u: LDPE4 \u2013 Plastmasas kolekcija<br \/>\n\u2013 skr\u016bve: C\/ALU90 \u2013 Alum\u012bnija kolekcija<\/p>\n<p><strong>Kapsula: <\/strong>C\/PVC90 \u2013 Plastmasas kolekcija<\/p>\n<p>Atkritumu \u0161\u0137iro\u0161ana. P\u0101rbaudiet sav\u0101k\u0161anas sist\u0113mu sav\u0101 pa\u0161vald\u012bb\u0101.<\/p>\n<p>&nbsp;<\/p>\n<p><a href=\"https:\/\/infovini.it\/lv\/\">Atpaka\u013c uz m\u0101j\u0101m<\/a><\/p>","protected":false},"featured_media":1426,"comment_status":"closed","ping_status":"closed","template":"","meta":[],"product_cat":[21],"product_tag":[],"class_list":{"0":"post-1425","1":"product","2":"type-product","3":"status-publish","4":"has-post-thumbnail","5":"hentry","6":"product_cat-bottiglie","8":"entry","9":"has-media","10":"owp-thumbs-layout-horizontal","11":"owp-btn-normal","12":"owp-tabs-layout-horizontal","13":"has-no-thumbnails","14":"has-product-nav"},"_links":{"self":[{"href":"https:\/\/infovini.it\/lv\/wp-json\/wp\/v2\/product\/1425","targetHints":{"allow":["GET"]}}],"collection":[{"href":"https:\/\/infovini.it\/lv\/wp-json\/wp\/v2\/product"}],"about":[{"href":"https:\/\/infovini.it\/lv\/wp-json\/wp\/v2\/types\/product"}],"replies":[{"embeddable":true,"href":"https:\/\/infovini.it\/lv\/wp-json\/wp\/v2\/comments?post=1425"}],"wp:featuredmedia":[{"embeddable":true,"href":"https:\/\/infovini.it\/lv\/wp-json\/wp\/v2\/media\/1426"}],"wp:attachment":[{"href":"https:\/\/infovini.it\/lv\/wp-json\/wp\/v2\/media?parent=1425"}],"wp:term":[{"taxonomy":"product_cat","embeddable":true,"href":"https:\/\/infovini.it\/lv\/wp-json\/wp\/v2\/product_cat?post=1425"},{"taxonomy":"product_tag","embeddable":true,"href":"https:\/\/infovini.it\/lv\/wp-json\/wp\/v2\/product_tag?post=1425"}],"curies":[{"name":"wp","href":"https:\/\/api.w.org\/{rel}","templated":true}]}}