{"id":1376,"date":"2023-03-24T14:01:42","date_gmt":"2023-03-24T14:01:42","guid":{"rendered":"https:\/\/infovini.it\/?post_type=product&#038;p=1376"},"modified":"2025-06-17T14:38:55","modified_gmt":"2025-06-17T14:38:55","slug":"8000305121068","status":"publish","type":"product","link":"https:\/\/infovini.it\/lv\/product\/8000305121068\/","title":{"rendered":"8000305121068"},"content":{"rendered":"","protected":false},"excerpt":{"rendered":"<h2 style=\"text-align: center;\">Prosecco DOC Brut dzirksto\u0161ais v\u012bns \u2013 Lenotti v\u012bna dar\u012btava<\/h2>\n<hr \/>\n<h3><em><strong>SAST\u0100VDA\u013bAS<\/strong><\/em><\/h3>\n<p>V\u012bnogas, cukura s\u012brups, rektific\u0113ta koncentr\u0113ta misa, stabilizatori: gumiar\u0101biks vai CMC, konservanti: <strong>Sulf\u012bti: k\u0101lija metabisulf\u012bts E224<\/strong><\/p>\n<p><strong>Alerg\u0113ni: Sulf\u012bti: k\u0101lija metabisulf\u012bts E224<\/strong><\/p>\n<p>Iepild\u012bts pudel\u0113s aizsarg\u0101jo\u0161\u0101 atmosf\u0113r\u0101<\/p>\n<hr \/>\n<h3><em><strong>UZTURA PAZI\u0145OJUMS<\/strong><\/em><\/h3>\n<p><strong>Vid\u0113j\u0101s uzturv\u0113rt\u012bbas uz 100 ml:<\/strong><\/p>\n<p><strong>Ener\u0123\u0113tisk\u0101 v\u0113rt\u012bba: <\/strong>281 kJ <strong>\/ <\/strong>67 kcal<\/p>\n<p><strong>Tauki:<\/strong> 0\u00a0g<br \/>\n<strong>no tiem pies\u0101tin\u0101tie tauki:<\/strong> 0\u00a0g<\/p>\n<p><strong>Og\u013chidr\u0101ti:<\/strong> 1,90 g<br \/>\n<strong>no tiem cukuri:<\/strong> 1,90 g<\/p>\n<p><strong>Olbaltumvielas: <\/strong>0\u00a0g<\/p>\n<p><strong>S\u0101ls: <\/strong>0\u00a0g<\/p>\n<hr \/>\n<h3><em><strong>INFORM\u0100CIJA PAR L\u012aDZIEM<\/strong><\/em><\/h3>\n<p><strong>Pudele: <\/strong>GL71 \u2013 Stikla kolekcija<\/p>\n<p><strong>Kor\u0137is: <\/strong>FOR51 \u2013 Speci\u0101la dal\u012bta kor\u0137a atkritumu sav\u0101k\u0161ana<\/p>\n<p><strong>Kapsula: <\/strong>C\/ALU90 \u2013 alum\u012bnija kolekcija<\/p>\n<p><strong>B\u016bris: <\/strong>FE40 \u2013 t\u0113rauda kolekcija<\/p>\n<p>Atkritumu \u0161\u0137iro\u0161ana. P\u0101rbaudiet sav\u0101k\u0161anas sist\u0113mu sav\u0101 pa\u0161vald\u012bb\u0101.<\/p>\n<hr \/>\n<p><a href=\"https:\/\/infovini.it\/lv\/\">Atpaka\u013c uz m\u0101j\u0101m<\/a><\/p>","protected":false},"featured_media":1377,"comment_status":"closed","ping_status":"closed","template":"","meta":[],"product_cat":[21],"product_tag":[],"class_list":{"0":"post-1376","1":"product","2":"type-product","3":"status-publish","4":"has-post-thumbnail","5":"hentry","6":"product_cat-bottiglie","8":"entry","9":"has-media","10":"owp-thumbs-layout-horizontal","11":"owp-btn-normal","12":"owp-tabs-layout-horizontal","13":"has-no-thumbnails","14":"has-product-nav"},"_links":{"self":[{"href":"https:\/\/infovini.it\/lv\/wp-json\/wp\/v2\/product\/1376","targetHints":{"allow":["GET"]}}],"collection":[{"href":"https:\/\/infovini.it\/lv\/wp-json\/wp\/v2\/product"}],"about":[{"href":"https:\/\/infovini.it\/lv\/wp-json\/wp\/v2\/types\/product"}],"replies":[{"embeddable":true,"href":"https:\/\/infovini.it\/lv\/wp-json\/wp\/v2\/comments?post=1376"}],"wp:featuredmedia":[{"embeddable":true,"href":"https:\/\/infovini.it\/lv\/wp-json\/wp\/v2\/media\/1377"}],"wp:attachment":[{"href":"https:\/\/infovini.it\/lv\/wp-json\/wp\/v2\/media?parent=1376"}],"wp:term":[{"taxonomy":"product_cat","embeddable":true,"href":"https:\/\/infovini.it\/lv\/wp-json\/wp\/v2\/product_cat?post=1376"},{"taxonomy":"product_tag","embeddable":true,"href":"https:\/\/infovini.it\/lv\/wp-json\/wp\/v2\/product_tag?post=1376"}],"curies":[{"name":"wp","href":"https:\/\/api.w.org\/{rel}","templated":true}]}}