{"id":1652,"date":"2024-11-14T09:22:12","date_gmt":"2024-11-14T09:22:12","guid":{"rendered":"https:\/\/infovini.it\/?post_type=product&#038;p=1652"},"modified":"2025-05-30T10:59:25","modified_gmt":"2025-05-30T10:59:25","slug":"8437014338577","status":"publish","type":"product","link":"https:\/\/infovini.it\/lt\/product\/8437014338577\/","title":{"rendered":"8437014338577"},"content":{"rendered":"","protected":false},"excerpt":{"rendered":"<h2 class=\"elementor-heading-title elementor-size-default\" style=\"text-align: center;\">\u00a0Veneto IGT Rosso &#8211; Colle Bello<\/h2>\n<hr \/>\n<h3><em><strong>INGRIDIENTAI<\/strong><\/em><\/h3>\n<p>Vynuog\u0117s, rektifikuota koncentruota misa, stabilizatorius: E414, INS 455, konservantas: <strong>E220<\/strong><\/p>\n<p><strong>Alergenai:<\/strong> <strong>Sieros dioksidas.<\/strong><\/p>\n<p>I\u0161pilstytas \u012f butelius apsaugin\u0117je atmosferoje<\/p>\n<hr \/>\n<h3><em><strong>MAITINGOS DEKLARACIJA<\/strong><\/em><\/h3>\n<p><strong>Vidutin\u0117 maistin\u0117 vert\u0117 100 ml:<\/strong><\/p>\n<p><strong>Energin\u0117 vert\u0117: <\/strong>312 kJ \/ 75 kcal<\/p>\n<p><strong>Riebalai:<\/strong> 0 g<br \/>\n<strong>i\u0161 kuri\u0173 so\u010di\u0173j\u0173 riebal\u0173:<\/strong> 0 g<\/p>\n<p><strong>Angliavandeniai:<\/strong> 1,00 g<br \/>\n<strong>i\u0161 kuri\u0173 cukr\u0173:<\/strong> 1,00 g<\/p>\n<p><strong>Baltymai: <\/strong>0 g<\/p>\n<p><strong>Druska: <\/strong>0 g<\/p>\n<hr \/>\n<h3><em><strong>I\u0160METIMO INFORMACIJA<\/strong><\/em><\/h3>\n<p><strong>Butelis: <\/strong>GL71 \u2013 Stiklo kolekcija<\/p>\n<p><strong>U\u017edarymas:<br \/>\n<\/strong>\u2013 su dangteliu: LDPE4 \u2013 Plastikin\u0117 kolekcija<br \/>\n\u2013 var\u017etas: C\/ALU90 \u2013 Aliuminio kolekcija<\/p>\n<p><strong>Kapsul\u0117: <\/strong>C\/PVC90 \u2013 Plastiko kolekcija<\/p>\n<p>Atliek\u0173 r\u016b\u0161iavimas. Patikrinkite surinkimo sistem\u0105 savo savivaldyb\u0117je.<\/p>\n<p>&nbsp;<\/p>\n<p><a href=\"https:\/\/infovini.it\/lt\/\">Gr\u012f\u017eti namo<\/a><\/p>","protected":false},"featured_media":1649,"comment_status":"closed","ping_status":"closed","template":"","meta":[],"product_cat":[21],"product_tag":[],"class_list":{"0":"post-1652","1":"product","2":"type-product","3":"status-publish","4":"has-post-thumbnail","5":"hentry","6":"product_cat-bottiglie","8":"entry","9":"has-media","10":"owp-thumbs-layout-horizontal","11":"owp-btn-normal","12":"owp-tabs-layout-horizontal","13":"has-no-thumbnails","14":"has-product-nav"},"_links":{"self":[{"href":"https:\/\/infovini.it\/lt\/wp-json\/wp\/v2\/product\/1652","targetHints":{"allow":["GET"]}}],"collection":[{"href":"https:\/\/infovini.it\/lt\/wp-json\/wp\/v2\/product"}],"about":[{"href":"https:\/\/infovini.it\/lt\/wp-json\/wp\/v2\/types\/product"}],"replies":[{"embeddable":true,"href":"https:\/\/infovini.it\/lt\/wp-json\/wp\/v2\/comments?post=1652"}],"wp:featuredmedia":[{"embeddable":true,"href":"https:\/\/infovini.it\/lt\/wp-json\/wp\/v2\/media\/1649"}],"wp:attachment":[{"href":"https:\/\/infovini.it\/lt\/wp-json\/wp\/v2\/media?parent=1652"}],"wp:term":[{"taxonomy":"product_cat","embeddable":true,"href":"https:\/\/infovini.it\/lt\/wp-json\/wp\/v2\/product_cat?post=1652"},{"taxonomy":"product_tag","embeddable":true,"href":"https:\/\/infovini.it\/lt\/wp-json\/wp\/v2\/product_tag?post=1652"}],"curies":[{"name":"wp","href":"https:\/\/api.w.org\/{rel}","templated":true}]}}