{"id":1376,"date":"2023-03-24T14:01:42","date_gmt":"2023-03-24T14:01:42","guid":{"rendered":"https:\/\/infovini.it\/?post_type=product&#038;p=1376"},"modified":"2025-06-17T14:38:55","modified_gmt":"2025-06-17T14:38:55","slug":"8000305121068","status":"publish","type":"product","link":"https:\/\/infovini.it\/lt\/product\/8000305121068\/","title":{"rendered":"8000305121068"},"content":{"rendered":"","protected":false},"excerpt":{"rendered":"<h2 style=\"text-align: center;\">\u201eProsecco DOC Brut\u201c putojantis vynas \u2013 \u201eLenotti\u201c vynin\u0117<\/h2>\n<hr \/>\n<h3><em><strong>INGRIDIENTAI<\/strong><\/em><\/h3>\n<p>Vynuog\u0117s, cukraus sirupas, rektifikuota koncentruota misa, stabilizatoriai: gumiarabikas arba CMC, konservantai: <strong>Sulfitai: kalio metabisulfitas E224<\/strong><\/p>\n<p><strong>Alergenai: Sulfitai: kalio metabisulfitas E224<\/strong><\/p>\n<p>I\u0161pilstytas \u012f butelius apsaugin\u0117je atmosferoje<\/p>\n<hr \/>\n<h3><em><strong>MAITINGOS DEKLARACIJA<\/strong><\/em><\/h3>\n<p><strong>Vidutin\u0117 maistin\u0117 vert\u0117 100 ml:<\/strong><\/p>\n<p><strong>Energin\u0117 vert\u0117: <\/strong>281 kJ <strong>\/ <\/strong>67 kcal<\/p>\n<p><strong>Riebalai:<\/strong> 0 g<br \/>\n<strong>i\u0161 kuri\u0173 so\u010di\u0173j\u0173 riebal\u0173:<\/strong> 0 g<\/p>\n<p><strong>Angliavandeniai:<\/strong> 1,90 g<br \/>\n<strong>i\u0161 kuri\u0173 cukr\u0173:<\/strong> 1,90 g<\/p>\n<p><strong>Baltymai: <\/strong>0 g<\/p>\n<p><strong>Druska: <\/strong>0 g<\/p>\n<hr \/>\n<h3><em><strong>I\u0160METIMO INFORMACIJA<\/strong><\/em><\/h3>\n<p><strong>Butelis: <\/strong>GL71 \u2013 Stiklo kolekcija<\/p>\n<p><strong>Kam\u0161tis: <\/strong>FOR51 \u2013 Atskiras kam\u0161tienos atliek\u0173 surinkimas<\/p>\n<p><strong>Kapsul\u0117: <\/strong>C\/ALU90 \u2013 aliuminio kolekcija<\/p>\n<p><strong>Narvas: <\/strong>FE40 \u2013 Plieno kolekcija<\/p>\n<p>Atliek\u0173 r\u016b\u0161iavimas. Patikrinkite surinkimo sistem\u0105 savo savivaldyb\u0117je.<\/p>\n<hr \/>\n<p><a href=\"https:\/\/infovini.it\/lt\/\">Gr\u012f\u017eti namo<\/a><\/p>","protected":false},"featured_media":1377,"comment_status":"closed","ping_status":"closed","template":"","meta":[],"product_cat":[21],"product_tag":[],"class_list":{"0":"post-1376","1":"product","2":"type-product","3":"status-publish","4":"has-post-thumbnail","5":"hentry","6":"product_cat-bottiglie","8":"entry","9":"has-media","10":"owp-thumbs-layout-horizontal","11":"owp-btn-normal","12":"owp-tabs-layout-horizontal","13":"has-no-thumbnails","14":"has-product-nav"},"_links":{"self":[{"href":"https:\/\/infovini.it\/lt\/wp-json\/wp\/v2\/product\/1376","targetHints":{"allow":["GET"]}}],"collection":[{"href":"https:\/\/infovini.it\/lt\/wp-json\/wp\/v2\/product"}],"about":[{"href":"https:\/\/infovini.it\/lt\/wp-json\/wp\/v2\/types\/product"}],"replies":[{"embeddable":true,"href":"https:\/\/infovini.it\/lt\/wp-json\/wp\/v2\/comments?post=1376"}],"wp:featuredmedia":[{"embeddable":true,"href":"https:\/\/infovini.it\/lt\/wp-json\/wp\/v2\/media\/1377"}],"wp:attachment":[{"href":"https:\/\/infovini.it\/lt\/wp-json\/wp\/v2\/media?parent=1376"}],"wp:term":[{"taxonomy":"product_cat","embeddable":true,"href":"https:\/\/infovini.it\/lt\/wp-json\/wp\/v2\/product_cat?post=1376"},{"taxonomy":"product_tag","embeddable":true,"href":"https:\/\/infovini.it\/lt\/wp-json\/wp\/v2\/product_tag?post=1376"}],"curies":[{"name":"wp","href":"https:\/\/api.w.org\/{rel}","templated":true}]}}