{"id":1365,"date":"2023-03-14T15:46:25","date_gmt":"2023-03-14T15:46:25","guid":{"rendered":"https:\/\/infovini.it\/?post_type=product&#038;p=1365"},"modified":"2025-05-28T06:31:25","modified_gmt":"2025-05-28T06:31:25","slug":"8000305818012","status":"publish","type":"product","link":"https:\/\/infovini.it\/lt\/product\/8000305818012\/","title":{"rendered":"8000305818012"},"content":{"rendered":"","protected":false},"excerpt":{"rendered":"<h2 style=\"text-align: center;\">\u201cDagosto\u201d Veneto IGT Bianco &#8211; Casa<\/h2>\n<hr \/>\n<h3><em><strong>INGRIDIENTAI<\/strong><\/em><\/h3>\n<p>Vynuog\u0117s, rektifikuota koncentruota misa, stabilizatorius: E414, konservantas: <strong>E220<\/strong><\/p>\n<p><strong>Alergenai:<\/strong>\u00a0Sieros dioksidas.<\/p>\n<p>I\u0161pilstytas \u012f butelius apsaugin\u0117je atmosferoje<\/p>\n<hr \/>\n<h3><em><strong>MAITINGOS DEKLARACIJA<\/strong><\/em><\/h3>\n<p><strong>Vidutin\u0117 maistin\u0117 vert\u0117 100 ml:<\/strong><\/p>\n<p><strong>Energin\u0117 vert\u0117: <\/strong>311 kJ \/ 74 kcal<\/p>\n<p><strong>Riebalai:<\/strong> 0 g<br \/>\n<strong>i\u0161 kuri\u0173 so\u010di\u0173j\u0173 riebal\u0173:<\/strong> 0 g<\/p>\n<p><strong>Angliavandeniai:<\/strong> 0,90 g<br \/>\n<strong>i\u0161 kuri\u0173 cukr\u0173:<\/strong> 0,90 g<\/p>\n<p><strong>Baltymai: <\/strong>0 g<\/p>\n<p><strong>Druska: <\/strong>0 g<\/p>\n<hr \/>\n<h3><em><strong>I\u0160METIMO INFORMACIJA<\/strong><\/em><\/h3>\n<p><strong>Butelis: <\/strong>GL70 \u2013 Stiklo kolekcija<\/p>\n<p><strong>U\u017edarymas:<br \/>\n<\/strong>\u2013 su dangteliu: LDPE4 \u2013 Plastikin\u0117 kolekcija<br \/>\n\u2013 var\u017etas: C\/ALU90 \u2013 Aliuminio kolekcija<\/p>\n<p><strong>Kapsul\u0117: <\/strong>C\/PVC90 \u2013 Plastiko kolekcija<\/p>\n<p>Atliek\u0173 r\u016b\u0161iavimas. Patikrinkite surinkimo sistem\u0105 savo savivaldyb\u0117je.<\/p>\n<p>&nbsp;<\/p>\n<p><a href=\"https:\/\/infovini.it\/lt\/\">Gr\u012f\u017eti namo<\/a><\/p>","protected":false},"featured_media":0,"comment_status":"closed","ping_status":"closed","template":"","meta":[],"product_cat":[21],"product_tag":[],"class_list":{"0":"post-1365","1":"product","2":"type-product","3":"status-publish","4":"hentry","5":"product_cat-bottiglie","7":"entry","8":"owp-thumbs-layout-horizontal","9":"owp-btn-normal","10":"owp-tabs-layout-horizontal","11":"has-no-thumbnails","12":"has-product-nav"},"_links":{"self":[{"href":"https:\/\/infovini.it\/lt\/wp-json\/wp\/v2\/product\/1365","targetHints":{"allow":["GET"]}}],"collection":[{"href":"https:\/\/infovini.it\/lt\/wp-json\/wp\/v2\/product"}],"about":[{"href":"https:\/\/infovini.it\/lt\/wp-json\/wp\/v2\/types\/product"}],"replies":[{"embeddable":true,"href":"https:\/\/infovini.it\/lt\/wp-json\/wp\/v2\/comments?post=1365"}],"wp:attachment":[{"href":"https:\/\/infovini.it\/lt\/wp-json\/wp\/v2\/media?parent=1365"}],"wp:term":[{"taxonomy":"product_cat","embeddable":true,"href":"https:\/\/infovini.it\/lt\/wp-json\/wp\/v2\/product_cat?post=1365"},{"taxonomy":"product_tag","embeddable":true,"href":"https:\/\/infovini.it\/lt\/wp-json\/wp\/v2\/product_tag?post=1365"}],"curies":[{"name":"wp","href":"https:\/\/api.w.org\/{rel}","templated":true}]}}