{"id":1376,"date":"2023-03-24T14:01:42","date_gmt":"2023-03-24T14:01:42","guid":{"rendered":"https:\/\/infovini.it\/?post_type=product&#038;p=1376"},"modified":"2025-06-17T14:38:55","modified_gmt":"2025-06-17T14:38:55","slug":"8000305121068","status":"publish","type":"product","link":"https:\/\/infovini.it\/hu\/product\/8000305121068\/","title":{"rendered":"8000305121068"},"content":{"rendered":"","protected":false},"excerpt":{"rendered":"<h2 style=\"text-align: center;\">Prosecco DOC Brut pezsg\u0151 \u2013 Lenotti Pinc\u00e9szet<\/h2>\n<hr \/>\n<h3><em><strong>\u00d6SSZETEV\u0150K<\/strong><\/em><\/h3>\n<p>Sz\u0151l\u0151, cukorszirup, finom\u00edtott musts\u0171r\u00edtm\u00e9ny, stabiliz\u00e1torok: gumiar\u00e1bikum vagy CMC, tart\u00f3s\u00edt\u00f3szerek: <strong>Szulfitok: k\u00e1lium-metabiszulfit E224<\/strong><\/p>\n<p><strong>Allerg\u00e9nek: Szulfitok: k\u00e1lium-metabiszulfit E224<\/strong><\/p>\n<p>V\u00e9d\u0151 l\u00e9gk\u00f6rben palackozva<\/p>\n<hr \/>\n<h3><em><strong>T\u00c1PL\u00c1LKOZ\u00c1SI NYILATKOZAT<\/strong><\/em><\/h3>\n<p><strong>\u00c1tlagos t\u00e1p\u00e9rt\u00e9k 100 ml-re:<\/strong><\/p>\n<p><strong>Energia \u00e9rt\u00e9k: <\/strong>281 kJ <strong>\/ <\/strong>67 kcal<\/p>\n<p><strong>Zs\u00edrok:<\/strong> 0 g<br \/>\n<strong>ebb\u0151l tel\u00edtett zs\u00edrok:<\/strong> 0 g<\/p>\n<p><strong>Sz\u00e9nhidr\u00e1tok:<\/strong> 1,90 g<br \/>\n<strong>ebb\u0151l cukrok:<\/strong> 1,90 g<\/p>\n<p><strong>Feh\u00e9rj\u00e9k: <\/strong>0 g<\/p>\n<p><strong>S\u00f3: <\/strong>0 g<\/p>\n<hr \/>\n<h3><em><strong>\u00c1RTALMATLAN\u00cdT\u00c1SI INFORM\u00c1CI\u00d3K<\/strong><\/em><\/h3>\n<p><strong>\u00dcveg: <\/strong>GL71 \u2013 \u00dcvegkollekci\u00f3<\/p>\n<p><strong>Parafa: <\/strong>FOR51 \u2013 Dedik\u00e1lt szelekt\u00edv parafahullad\u00e9k gy\u0171jt\u00e9s<\/p>\n<p><strong>Kapszula: <\/strong>C\/ALU90 \u2013 Alum\u00ednium kollekci\u00f3<\/p>\n<p><strong>Ketrec: <\/strong>FE40 \u2013 Ac\u00e9l kollekci\u00f3<\/p>\n<p>Hullad\u00e9k v\u00e1logat\u00e1s. Ellen\u0151rizze az \u00f6nkorm\u00e1nyzat begy\u0171jt\u00e9si rendszer\u00e9t.<\/p>\n<hr \/>\n<p><a href=\"https:\/\/infovini.it\/hu\/\">Vissza a f\u0151oldalra<\/a><\/p>","protected":false},"featured_media":1377,"comment_status":"closed","ping_status":"closed","template":"","meta":[],"product_cat":[21],"product_tag":[],"class_list":{"0":"post-1376","1":"product","2":"type-product","3":"status-publish","4":"has-post-thumbnail","5":"hentry","6":"product_cat-bottiglie","8":"entry","9":"has-media","10":"owp-thumbs-layout-horizontal","11":"owp-btn-normal","12":"owp-tabs-layout-horizontal","13":"has-no-thumbnails","14":"has-product-nav"},"_links":{"self":[{"href":"https:\/\/infovini.it\/hu\/wp-json\/wp\/v2\/product\/1376","targetHints":{"allow":["GET"]}}],"collection":[{"href":"https:\/\/infovini.it\/hu\/wp-json\/wp\/v2\/product"}],"about":[{"href":"https:\/\/infovini.it\/hu\/wp-json\/wp\/v2\/types\/product"}],"replies":[{"embeddable":true,"href":"https:\/\/infovini.it\/hu\/wp-json\/wp\/v2\/comments?post=1376"}],"wp:featuredmedia":[{"embeddable":true,"href":"https:\/\/infovini.it\/hu\/wp-json\/wp\/v2\/media\/1377"}],"wp:attachment":[{"href":"https:\/\/infovini.it\/hu\/wp-json\/wp\/v2\/media?parent=1376"}],"wp:term":[{"taxonomy":"product_cat","embeddable":true,"href":"https:\/\/infovini.it\/hu\/wp-json\/wp\/v2\/product_cat?post=1376"},{"taxonomy":"product_tag","embeddable":true,"href":"https:\/\/infovini.it\/hu\/wp-json\/wp\/v2\/product_tag?post=1376"}],"curies":[{"name":"wp","href":"https:\/\/api.w.org\/{rel}","templated":true}]}}