{"id":1344,"date":"2023-03-14T14:52:48","date_gmt":"2023-03-14T14:52:48","guid":{"rendered":"https:\/\/infovini.it\/?post_type=product&#038;p=1344"},"modified":"2025-05-30T11:11:59","modified_gmt":"2025-05-30T11:11:59","slug":"8000305057008","status":"publish","type":"product","link":"https:\/\/infovini.it\/hu\/product\/8000305057008\/","title":{"rendered":"8000305057008"},"content":{"rendered":"","protected":false},"excerpt":{"rendered":"<h2 style=\"text-align: center;\">&#8220;Decus&#8221; Collezione Valpolicella Ripasso DOC Classico Superiore &#8211; Cantine Lenotti<\/h2>\n<hr \/>\n<h3><em><strong>\u00d6SSZETEV\u0150K<\/strong><\/em><\/h3>\n<p>Sz\u0151l\u0151, Finom\u00edtott musts\u0171r\u00edtm\u00e9ny, Stabiliz\u00e1tor: E414, INS 455, Tart\u00f3s\u00edt\u00f3szer: <strong>E220<\/strong><\/p>\n<p><strong>Allerg\u00e9nek:<\/strong> K\u00e9n-dioxid.<\/p>\n<p>V\u00e9d\u0151 l\u00e9gk\u00f6rben palackozva<\/p>\n<hr \/>\n<h3><em><strong>T\u00c1PL\u00c1LKOZ\u00c1SI NYILATKOZAT<\/strong><\/em><\/h3>\n<p><strong>\u00c1tlagos t\u00e1p\u00e9rt\u00e9k 100 ml-re:<\/strong><\/p>\n<p><strong>Energia \u00e9rt\u00e9k: <\/strong>359 kJ \/ 86 kcal<\/p>\n<p><strong>Zs\u00edrok:<\/strong> 0 g<br \/>\n<strong>ebb\u0151l tel\u00edtett zs\u00edrok:<\/strong> 0 g<\/p>\n<p><strong>Sz\u00e9nhidr\u00e1tok:<\/strong> 1,00 g<br \/>\n<strong>ebb\u0151l cukrok:<\/strong> 1,00 g<\/p>\n<p><strong>Feh\u00e9rj\u00e9k: <\/strong>0 g<\/p>\n<p><strong>S\u00f3: <\/strong>0 g<\/p>\n<hr \/>\n<h3><em><strong>\u00c1RTALMATLAN\u00cdT\u00c1SI INFORM\u00c1CI\u00d3K<\/strong><\/em><\/h3>\n<p><strong>\u00dcveg: <\/strong>GL71 \u2013 \u00dcvegkollekci\u00f3<\/p>\n<p><strong>Parafa: <\/strong>LDPE4 \u2013 M\u0171anyag kollekci\u00f3<\/p>\n<p><strong>Kapszula: <\/strong>C\/PVC90 \u2013 M\u0171anyag kollekci\u00f3<\/p>\n<p>Hullad\u00e9k v\u00e1logat\u00e1s. Ellen\u0151rizze az orsz\u00e1g\u00e1ban \u00e9rv\u00e9nyes begy\u0171jt\u00e9si rendszert.<\/p>\n<p>&nbsp;<\/p>\n<p><a href=\"https:\/\/infovini.it\/hu\/\">Vissza a f\u0151oldalra<\/a><\/p>","protected":false},"featured_media":1345,"comment_status":"closed","ping_status":"closed","template":"","meta":[],"product_cat":[21],"product_tag":[],"class_list":{"0":"post-1344","1":"product","2":"type-product","3":"status-publish","4":"has-post-thumbnail","5":"hentry","6":"product_cat-bottiglie","8":"entry","9":"has-media","10":"owp-thumbs-layout-horizontal","11":"owp-btn-normal","12":"owp-tabs-layout-horizontal","13":"has-no-thumbnails","14":"has-product-nav"},"_links":{"self":[{"href":"https:\/\/infovini.it\/hu\/wp-json\/wp\/v2\/product\/1344","targetHints":{"allow":["GET"]}}],"collection":[{"href":"https:\/\/infovini.it\/hu\/wp-json\/wp\/v2\/product"}],"about":[{"href":"https:\/\/infovini.it\/hu\/wp-json\/wp\/v2\/types\/product"}],"replies":[{"embeddable":true,"href":"https:\/\/infovini.it\/hu\/wp-json\/wp\/v2\/comments?post=1344"}],"wp:featuredmedia":[{"embeddable":true,"href":"https:\/\/infovini.it\/hu\/wp-json\/wp\/v2\/media\/1345"}],"wp:attachment":[{"href":"https:\/\/infovini.it\/hu\/wp-json\/wp\/v2\/media?parent=1344"}],"wp:term":[{"taxonomy":"product_cat","embeddable":true,"href":"https:\/\/infovini.it\/hu\/wp-json\/wp\/v2\/product_cat?post=1344"},{"taxonomy":"product_tag","embeddable":true,"href":"https:\/\/infovini.it\/hu\/wp-json\/wp\/v2\/product_tag?post=1344"}],"curies":[{"name":"wp","href":"https:\/\/api.w.org\/{rel}","templated":true}]}}