{"id":1505,"date":"2024-09-24T08:36:51","date_gmt":"2024-09-24T08:36:51","guid":{"rendered":"https:\/\/infovini.it\/?post_type=product&#038;p=1505"},"modified":"2025-05-28T14:36:18","modified_gmt":"2025-05-28T14:36:18","slug":"8000305621018","status":"publish","type":"product","link":"https:\/\/infovini.it\/hr\/product\/8000305621018\/","title":{"rendered":"8000305621018"},"content":{"rendered":"","protected":false},"excerpt":{"rendered":"<h2 style=\"text-align: center;\">\u00a0&#8220;Blush&#8221; Pinot Grigio delle Venezie DOC &#8211; Casal Busol<\/h2>\n<hr \/>\n<h3><em><strong>SASTOJCI<\/strong><\/em><\/h3>\n<p>Gro\u017e\u0111e, rektificirani koncentrirani mo\u0161t, stabilizator: E414, konzervans: <strong>E220<\/strong><\/p>\n<p><strong>Alergeni:<\/strong> Sumporni dioksid.<\/p>\n<p>Punjeno u kontroliranoj atmosferi<\/p>\n<hr \/>\n<h3><em><strong>NUTRITIVNA DEKLARACIJA<\/strong><\/em><\/h3>\n<p><strong>Prosje\u010dna hranjiva vrijednost na 100 ml:<\/strong><\/p>\n<p><strong>Energija: <\/strong>310 kJ <strong>\/ <\/strong>74 kcal<\/p>\n<p><strong>Masti:<\/strong> 0 g<br \/>\n<strong>Od kojih zasi\u0107ene masne kiseline:<\/strong> 0 g<\/p>\n<p><strong>Ugljikohidrati:<\/strong> 0,80 g<br \/>\n<strong>Od kojih \u0161e\u0107eri:<\/strong> 0,80 g<\/p>\n<p><strong>Bjelan\u010devine: <\/strong>0 g<\/p>\n<p><strong>Sol: <\/strong>0 g<\/p>\n<hr \/>\n<h3><em><strong>INFORMACIJE O ODLAGANJU<\/strong><\/em><\/h3>\n<p><strong>Boca: <\/strong>GL70 \u2013 Staklo<\/p>\n<p><strong>Zatvaranje:<br \/>\n<\/strong>\u2013 \u010cep: LDPE4 \u2013 Plastika<br \/>\n- Navoj \u010depa: C\/ALU90\u2013 Aluminij<\/p>\n<p><strong>Kapsula: <\/strong>C\/PVC90\u2013 Plastika<\/p>\n<p>Razvrstavanje otpada. Provjerite sustav prikupljanja otpada u va\u0161oj op\u0107ini.<\/p>\n<p>&nbsp;<\/p>\n<p><a href=\"https:\/\/infovini.it\/hr\/\">Povratak na po\u010detnu stranicu.<\/a><\/p>","protected":false},"featured_media":0,"comment_status":"closed","ping_status":"closed","template":"","meta":[],"product_cat":[21],"product_tag":[],"class_list":{"0":"post-1505","1":"product","2":"type-product","3":"status-publish","4":"hentry","5":"product_cat-bottiglie","7":"entry","8":"owp-thumbs-layout-horizontal","9":"owp-btn-normal","10":"owp-tabs-layout-horizontal","11":"has-no-thumbnails","12":"has-product-nav"},"_links":{"self":[{"href":"https:\/\/infovini.it\/hr\/wp-json\/wp\/v2\/product\/1505","targetHints":{"allow":["GET"]}}],"collection":[{"href":"https:\/\/infovini.it\/hr\/wp-json\/wp\/v2\/product"}],"about":[{"href":"https:\/\/infovini.it\/hr\/wp-json\/wp\/v2\/types\/product"}],"replies":[{"embeddable":true,"href":"https:\/\/infovini.it\/hr\/wp-json\/wp\/v2\/comments?post=1505"}],"wp:attachment":[{"href":"https:\/\/infovini.it\/hr\/wp-json\/wp\/v2\/media?parent=1505"}],"wp:term":[{"taxonomy":"product_cat","embeddable":true,"href":"https:\/\/infovini.it\/hr\/wp-json\/wp\/v2\/product_cat?post=1505"},{"taxonomy":"product_tag","embeddable":true,"href":"https:\/\/infovini.it\/hr\/wp-json\/wp\/v2\/product_tag?post=1505"}],"curies":[{"name":"wp","href":"https:\/\/api.w.org\/{rel}","templated":true}]}}