{"id":1350,"date":"2023-03-14T15:00:54","date_gmt":"2023-03-14T15:00:54","guid":{"rendered":"https:\/\/infovini.it\/?post_type=product&#038;p=1350"},"modified":"2025-05-30T11:11:05","modified_gmt":"2025-05-30T11:11:05","slug":"8000305955007","status":"publish","type":"product","link":"https:\/\/infovini.it\/hr\/product\/8000305955007\/","title":{"rendered":"8000305955007"},"content":{"rendered":"","protected":false},"excerpt":{"rendered":"<h2 style=\"text-align: center;\">Valpolicella Ripasso DOC Classico Superiore &#8211; Villa Rillago<\/h2>\n<hr \/>\n<h3><em><strong>SASTOJCI<\/strong><\/em><\/h3>\n<p>Gro\u017e\u0111e, rektificirani koncentrirani mo\u0161t, stabilizator: E414, INS 455, konzervans: <strong>E220<\/strong><\/p>\n<p><strong>Alergeni:<\/strong> <strong>Sumporni dioksid.<\/strong><\/p>\n<p>Punjeno u kontroliranoj atmosferi<\/p>\n<hr \/>\n<h3><em><strong>NUTRITIVNA DEKLARACIJA<\/strong><\/em><\/h3>\n<p><strong>Prosje\u010dna hranjiva vrijednost na 100 ml:<\/strong><\/p>\n<p><strong>Energija: <\/strong>357 kJ \/ 85 kcal<\/p>\n<p><strong>Masti:<\/strong> 0 g<br \/>\n<strong>Od kojih zasi\u0107ene masne kiseline:<\/strong> 0 g<\/p>\n<p><strong>Ugljikohidrati:<\/strong> 0,90 g<br \/>\n<strong>Od kojih \u0161e\u0107eri:<\/strong> 0,90 g<\/p>\n<p><strong>Bjelan\u010devine: <\/strong>0 g<\/p>\n<p><strong>Sol: <\/strong>0 g<\/p>\n<hr \/>\n<h3><em><strong>INFORMACIJE O ODLAGANJU<\/strong><\/em><\/h3>\n<p><strong>Boca: <\/strong>GL71 \u2013 Staklo<\/p>\n<p><strong>\u010cep: <\/strong>LDPE4 \u2013 Plastika<\/p>\n<p><strong>Kapsula: <\/strong>C\/PVC90\u2013 Plastika<\/p>\n<p>Razvrstavanje otpada. Provjerite sustav prikupljanja u svojoj zemlji.<\/p>\n<p>&nbsp;<\/p>\n<p><a href=\"https:\/\/infovini.it\/hr\/\">Povratak na po\u010detnu stranicu.<\/a><\/p>","protected":false},"featured_media":1351,"comment_status":"closed","ping_status":"closed","template":"","meta":[],"product_cat":[21],"product_tag":[],"class_list":{"0":"post-1350","1":"product","2":"type-product","3":"status-publish","4":"has-post-thumbnail","5":"hentry","6":"product_cat-bottiglie","8":"entry","9":"has-media","10":"owp-thumbs-layout-horizontal","11":"owp-btn-normal","12":"owp-tabs-layout-horizontal","13":"has-no-thumbnails","14":"has-product-nav"},"_links":{"self":[{"href":"https:\/\/infovini.it\/hr\/wp-json\/wp\/v2\/product\/1350","targetHints":{"allow":["GET"]}}],"collection":[{"href":"https:\/\/infovini.it\/hr\/wp-json\/wp\/v2\/product"}],"about":[{"href":"https:\/\/infovini.it\/hr\/wp-json\/wp\/v2\/types\/product"}],"replies":[{"embeddable":true,"href":"https:\/\/infovini.it\/hr\/wp-json\/wp\/v2\/comments?post=1350"}],"wp:featuredmedia":[{"embeddable":true,"href":"https:\/\/infovini.it\/hr\/wp-json\/wp\/v2\/media\/1351"}],"wp:attachment":[{"href":"https:\/\/infovini.it\/hr\/wp-json\/wp\/v2\/media?parent=1350"}],"wp:term":[{"taxonomy":"product_cat","embeddable":true,"href":"https:\/\/infovini.it\/hr\/wp-json\/wp\/v2\/product_cat?post=1350"},{"taxonomy":"product_tag","embeddable":true,"href":"https:\/\/infovini.it\/hr\/wp-json\/wp\/v2\/product_tag?post=1350"}],"curies":[{"name":"wp","href":"https:\/\/api.w.org\/{rel}","templated":true}]}}