{"id":1433,"date":"2024-06-17T10:03:21","date_gmt":"2024-06-17T10:03:21","guid":{"rendered":"https:\/\/infovini.it\/?post_type=product&#038;p=1433"},"modified":"2025-05-30T11:06:50","modified_gmt":"2025-05-30T11:06:50","slug":"8000305005061","status":"publish","type":"product","link":"https:\/\/infovini.it\/fr\/product\/8000305005061\/","title":{"rendered":"8000305005061"},"content":{"rendered":"","protected":false},"excerpt":{"rendered":"<h2 class=\"elementor-heading-title elementor-size-default\" style=\"text-align: center;\">\u00ab Massimo \u00bb V\u00e9n\u00e9tie IGT Rosso \u2013 Cantine Lenotti<\/h2>\n<hr \/>\n<h3><em><strong>INGR\u00c9DIENTS<\/strong><\/em><\/h3>\n<p>Raisins, Mo\u00fbt concentr\u00e9 rectifi\u00e9, Stabilisant : E414, INS 455, Conservateur : <strong>E220<\/strong><\/p>\n<p><strong>Allerg\u00e8nes\u00a0:<\/strong> <strong>Le dioxyde de soufre<\/strong>.<\/p>\n<p>Mis en bouteille sous atmosph\u00e8re protectrice<\/p>\n<hr \/>\n<h3><em><strong>D\u00c9CLARATION NUTRITIONNELLE<\/strong><\/em><\/h3>\n<p><strong>Valeurs nutritionnelles moyennes pour 100 ml :<\/strong><\/p>\n<p><strong>Valeur \u00e9nerg\u00e9tique: <\/strong>359 kJ \/ 86 kcal<\/p>\n<p><strong>Graisses\u00a0:<\/strong> 0 g<br \/>\n<strong>dont graisses satur\u00e9es :<\/strong> 0 g<\/p>\n<p><strong>Les glucides:<\/strong> 1,00g<br \/>\n<strong>dont les sucres:<\/strong> 1,00g<\/p>\n<p><strong>Prot\u00e9ines\u00a0: <\/strong>0 g<\/p>\n<p><strong>Sel: <\/strong>0 g<\/p>\n<hr \/>\n<h3><em><strong>INFORMATIONS SUR L&#039;\u00c9LIMINATION<\/strong><\/em><\/h3>\n<p><strong>Bouteille: <\/strong>GL71 \u2013 Collection de verre<\/p>\n<p><strong>Bouchon 0,75 litre\u00a0: <\/strong>LDPE4 \u2013 Collecte plastique<\/p>\n<p><strong>Bouchon de 1,5 l :<\/strong> LDPE4 \u2013 Collecte plastique<\/p>\n<p><strong>bouchon de 3 litres<\/strong>: FOR51 \u2013 Collection d\u00e9di\u00e9e<\/p>\n<p><strong>Capsule: <\/strong>C\/PVC90 \u2013 Collecte plastique<\/p>\n<p>Tri des d\u00e9chets. V\u00e9rifiez le syst\u00e8me de collecte dans votre pays.<\/p>\n<p>&nbsp;<\/p>\n<p><a href=\"https:\/\/infovini.it\/fr\/\">De retour \u00e0 la maison<\/a><\/p>","protected":false},"featured_media":1434,"comment_status":"closed","ping_status":"closed","template":"","meta":[],"product_cat":[21],"product_tag":[],"class_list":{"0":"post-1433","1":"product","2":"type-product","3":"status-publish","4":"has-post-thumbnail","5":"hentry","6":"product_cat-bottiglie","8":"entry","9":"has-media","10":"owp-thumbs-layout-horizontal","11":"owp-btn-normal","12":"owp-tabs-layout-horizontal","13":"has-no-thumbnails","14":"has-product-nav"},"_links":{"self":[{"href":"https:\/\/infovini.it\/fr\/wp-json\/wp\/v2\/product\/1433","targetHints":{"allow":["GET"]}}],"collection":[{"href":"https:\/\/infovini.it\/fr\/wp-json\/wp\/v2\/product"}],"about":[{"href":"https:\/\/infovini.it\/fr\/wp-json\/wp\/v2\/types\/product"}],"replies":[{"embeddable":true,"href":"https:\/\/infovini.it\/fr\/wp-json\/wp\/v2\/comments?post=1433"}],"wp:featuredmedia":[{"embeddable":true,"href":"https:\/\/infovini.it\/fr\/wp-json\/wp\/v2\/media\/1434"}],"wp:attachment":[{"href":"https:\/\/infovini.it\/fr\/wp-json\/wp\/v2\/media?parent=1433"}],"wp:term":[{"taxonomy":"product_cat","embeddable":true,"href":"https:\/\/infovini.it\/fr\/wp-json\/wp\/v2\/product_cat?post=1433"},{"taxonomy":"product_tag","embeddable":true,"href":"https:\/\/infovini.it\/fr\/wp-json\/wp\/v2\/product_tag?post=1433"}],"curies":[{"name":"wp","href":"https:\/\/api.w.org\/{rel}","templated":true}]}}