{"id":1376,"date":"2023-03-24T14:01:42","date_gmt":"2023-03-24T14:01:42","guid":{"rendered":"https:\/\/infovini.it\/?post_type=product&#038;p=1376"},"modified":"2025-06-17T14:38:55","modified_gmt":"2025-06-17T14:38:55","slug":"8000305121068","status":"publish","type":"product","link":"https:\/\/infovini.it\/fr\/product\/8000305121068\/","title":{"rendered":"8000305121068"},"content":{"rendered":"","protected":false},"excerpt":{"rendered":"<h2 style=\"text-align: center;\">Prosecco DOC Brut, vin mousseux \u2013 Domaine Lenotti<\/h2>\n<hr \/>\n<h3><em><strong>INGR\u00c9DIENTS<\/strong><\/em><\/h3>\n<p>Raisins, sirop de sucre, mo\u00fbt concentr\u00e9 rectifi\u00e9, Stabilisants : gomme arabique ou CMC, Conservateurs : <strong>Sulfites : m\u00e9tabisulfite de potassium E224<\/strong><\/p>\n<p><strong>Allerg\u00e8nes : Sulfites : m\u00e9tabisulfite de potassium E224<\/strong><\/p>\n<p>Mis en bouteille sous atmosph\u00e8re protectrice<\/p>\n<hr \/>\n<h3><em><strong>D\u00c9CLARATION NUTRITIONNELLE<\/strong><\/em><\/h3>\n<p><strong>Valeurs nutritionnelles moyennes pour 100 ml :<\/strong><\/p>\n<p><strong>Valeur \u00e9nerg\u00e9tique: <\/strong>281 kJ <strong>\/ <\/strong>67 calories<\/p>\n<p><strong>Graisses\u00a0:<\/strong> 0 g<br \/>\n<strong>dont graisses satur\u00e9es :<\/strong> 0 g<\/p>\n<p><strong>Les glucides:<\/strong> 1,90g<br \/>\n<strong>dont les sucres:<\/strong> 1,90g<\/p>\n<p><strong>Prot\u00e9ines\u00a0: <\/strong>0 g<\/p>\n<p><strong>Sel: <\/strong>0 g<\/p>\n<hr \/>\n<h3><em><strong>INFORMATIONS SUR L&#039;\u00c9LIMINATION<\/strong><\/em><\/h3>\n<p><strong>Bouteille: <\/strong>GL71 \u2013 Collection de verre<\/p>\n<p><strong>Li\u00e8ge: <\/strong>FOR51 \u2013 Collecte s\u00e9par\u00e9e d\u00e9di\u00e9e aux d\u00e9chets de li\u00e8ge<\/p>\n<p><strong>Capsule: <\/strong>C\/ALU90 \u2013 Collection Aluminium<\/p>\n<p><strong>Cage: <\/strong>FE40 \u2013 Collection Acier<\/p>\n<p>Tri des d\u00e9chets. V\u00e9rifiez le syst\u00e8me de collecte de votre commune.<\/p>\n<hr \/>\n<p><a href=\"https:\/\/infovini.it\/fr\/\">De retour \u00e0 la maison<\/a><\/p>","protected":false},"featured_media":1377,"comment_status":"closed","ping_status":"closed","template":"","meta":[],"product_cat":[21],"product_tag":[],"class_list":{"0":"post-1376","1":"product","2":"type-product","3":"status-publish","4":"has-post-thumbnail","5":"hentry","6":"product_cat-bottiglie","8":"entry","9":"has-media","10":"owp-thumbs-layout-horizontal","11":"owp-btn-normal","12":"owp-tabs-layout-horizontal","13":"has-no-thumbnails","14":"has-product-nav"},"_links":{"self":[{"href":"https:\/\/infovini.it\/fr\/wp-json\/wp\/v2\/product\/1376","targetHints":{"allow":["GET"]}}],"collection":[{"href":"https:\/\/infovini.it\/fr\/wp-json\/wp\/v2\/product"}],"about":[{"href":"https:\/\/infovini.it\/fr\/wp-json\/wp\/v2\/types\/product"}],"replies":[{"embeddable":true,"href":"https:\/\/infovini.it\/fr\/wp-json\/wp\/v2\/comments?post=1376"}],"wp:featuredmedia":[{"embeddable":true,"href":"https:\/\/infovini.it\/fr\/wp-json\/wp\/v2\/media\/1377"}],"wp:attachment":[{"href":"https:\/\/infovini.it\/fr\/wp-json\/wp\/v2\/media?parent=1376"}],"wp:term":[{"taxonomy":"product_cat","embeddable":true,"href":"https:\/\/infovini.it\/fr\/wp-json\/wp\/v2\/product_cat?post=1376"},{"taxonomy":"product_tag","embeddable":true,"href":"https:\/\/infovini.it\/fr\/wp-json\/wp\/v2\/product_tag?post=1376"}],"curies":[{"name":"wp","href":"https:\/\/api.w.org\/{rel}","templated":true}]}}