{"id":1193,"date":"2023-03-13T09:16:27","date_gmt":"2023-03-13T09:16:27","guid":{"rendered":"https:\/\/infovini.it\/?post_type=product&#038;p=1193"},"modified":"2025-06-03T14:47:11","modified_gmt":"2025-06-03T14:47:11","slug":"8000305741006","status":"publish","type":"product","link":"https:\/\/infovini.it\/fr\/product\/8000305741006\/","title":{"rendered":"8000305741006"},"content":{"rendered":"","protected":false},"excerpt":{"rendered":"<h2 style=\"text-align: center;\">Custoza DOC &#8211; Corte Olivi<\/h2>\n<hr \/>\n<h3><em><strong>INGR\u00c9DIENTS<\/strong><\/em><\/h3>\n<p>Raisins, Mo\u00fbt concentr\u00e9 rectifi\u00e9, Stabilisant : E414, Conservateur : <strong>E220<\/strong><\/p>\n<p><strong>Allerg\u00e8nes\u00a0:<\/strong> <strong>Le dioxyde de soufre.<\/strong><\/p>\n<p>Mis en bouteille sous atmosph\u00e8re protectrice<\/p>\n<hr \/>\n<h3><em><strong>D\u00c9CLARATION NUTRITIONNELLE<\/strong><\/em><\/h3>\n<p><strong>Valeurs nutritionnelles moyennes pour 100 ml :<\/strong><\/p>\n<p><strong>Valeur \u00e9nerg\u00e9tique: <\/strong>296 kJ <strong>\/ <\/strong>71 kcal<\/p>\n<p><strong>Graisses\u00a0:<\/strong> 0 g<br \/>\n<strong>dont graisses satur\u00e9es :<\/strong> 0 g<\/p>\n<p><strong>Les glucides:<\/strong> 0,70 g<br \/>\n<strong>dont les sucres:<\/strong> 0,70 g<\/p>\n<p><strong>Prot\u00e9ines\u00a0: <\/strong>0 g<\/p>\n<p><strong>Sel: <\/strong>0 g<\/p>\n<hr \/>\n<h3><em><strong>INFORMATIONS SUR L&#039;\u00c9LIMINATION<\/strong><\/em><\/h3>\n<p><strong>Bouteille: <\/strong>GL70 \u2013 Collection de verre<\/p>\n<p><strong>Fermeture:<br \/>\n<\/strong>\u2013 avec bouchon : LDPE4 \u2013 Collecte plastique<br \/>\n\u2013 vis : C\/ALU90 \u2013 Collection Aluminium<\/p>\n<p><strong>Capsule: <\/strong>C\/PVC90 \u2013 Collecte plastique<\/p>\n<p>Tri des d\u00e9chets. V\u00e9rifiez le syst\u00e8me de collecte de votre commune.<\/p>\n<p>&nbsp;<\/p>\n<p><a href=\"https:\/\/infovini.it\/fr\/\">De retour \u00e0 la maison<\/a><\/p>","protected":false},"featured_media":1196,"comment_status":"closed","ping_status":"closed","template":"","meta":[],"product_cat":[21],"product_tag":[],"class_list":{"0":"post-1193","1":"product","2":"type-product","3":"status-publish","4":"has-post-thumbnail","5":"hentry","6":"product_cat-bottiglie","8":"entry","9":"has-media","10":"owp-thumbs-layout-horizontal","11":"owp-btn-normal","12":"owp-tabs-layout-horizontal","13":"has-no-thumbnails","14":"has-product-nav"},"_links":{"self":[{"href":"https:\/\/infovini.it\/fr\/wp-json\/wp\/v2\/product\/1193","targetHints":{"allow":["GET"]}}],"collection":[{"href":"https:\/\/infovini.it\/fr\/wp-json\/wp\/v2\/product"}],"about":[{"href":"https:\/\/infovini.it\/fr\/wp-json\/wp\/v2\/types\/product"}],"replies":[{"embeddable":true,"href":"https:\/\/infovini.it\/fr\/wp-json\/wp\/v2\/comments?post=1193"}],"wp:featuredmedia":[{"embeddable":true,"href":"https:\/\/infovini.it\/fr\/wp-json\/wp\/v2\/media\/1196"}],"wp:attachment":[{"href":"https:\/\/infovini.it\/fr\/wp-json\/wp\/v2\/media?parent=1193"}],"wp:term":[{"taxonomy":"product_cat","embeddable":true,"href":"https:\/\/infovini.it\/fr\/wp-json\/wp\/v2\/product_cat?post=1193"},{"taxonomy":"product_tag","embeddable":true,"href":"https:\/\/infovini.it\/fr\/wp-json\/wp\/v2\/product_tag?post=1193"}],"curies":[{"name":"wp","href":"https:\/\/api.w.org\/{rel}","templated":true}]}}