{"id":1741,"date":"2026-04-09T07:00:14","date_gmt":"2026-04-09T07:00:14","guid":{"rendered":"https:\/\/infovini.it\/?post_type=product&#038;p=1741"},"modified":"2026-04-09T07:02:12","modified_gmt":"2026-04-09T07:02:12","slug":"colle-dei-tigli-veneto-igt-bianco","status":"publish","type":"product","link":"https:\/\/infovini.it\/fi\/product\/colle-dei-tigli-veneto-igt-bianco\/","title":{"rendered":"\u201cColle dei Tigli\u201d Veneto IGT Bianco &#8211; Lenotti"},"content":{"rendered":"","protected":false},"excerpt":{"rendered":"<h2 style=\"text-align: center;\"><\/h2>\n<h3><em><strong>AINESOSAT<\/strong><\/em><\/h3>\n<p>Viiniryp\u00e4leet, puhdistettu tiivistetty ryp\u00e4lemehu, stabilointiaine: E414, s\u00e4il\u00f6nt\u00e4aine: <strong>E220<\/strong><\/p>\n<p><strong>Allergeenit:<\/strong> <strong>Rikkidioksidi.<\/strong><\/p>\n<p>Pullotettu suojaavassa ilmakeh\u00e4ss\u00e4<\/p>\n<hr \/>\n<h3><em><strong>RAVINTOALUEIDEN ILMOITUS<\/strong><\/em><\/h3>\n<p><strong>Keskim\u00e4\u00e4r\u00e4iset ravintoarvot per 100 ml:<\/strong><\/p>\n<p><strong>Energia-arvo: <\/strong>300 kJ \/ 72 kcal<\/p>\n<p><strong>Rasvat:<\/strong> 0 g<br \/>\n<strong>josta tyydyttyneet rasvat:<\/strong> 0 g<\/p>\n<p><strong>Hiilihydraatit:<\/strong> 0,90 g<br \/>\n<strong>josta sokereita:<\/strong> 0,90 g<\/p>\n<p><strong>Proteiinit: <\/strong>0 g<\/p>\n<p><strong>Suola: <\/strong>0 g<\/p>\n<hr \/>\n<h3><em><strong>H\u00c4VITT\u00c4MISTIEDOT<\/strong><\/em><\/h3>\n<p><strong>Pullo: <\/strong>GL70 \u2013 Lasikokoelma<\/p>\n<p><strong>P\u00e4\u00e4tt\u00e4minen:<br \/>\n<\/strong>\u2013 korkilla: LDPE4 \u2013 Muovikokoelma<br \/>\n\u2013 ruuvi: C\/ALU90 \u2013 Alumiinikokoelma<\/p>\n<p><strong>Kapseli: <\/strong>C\/PVC90 \u2013 Muovikokoelma<\/p>\n<p>J\u00e4tteiden lajittelu. Tarkista kuntasi ker\u00e4ysj\u00e4rjestelm\u00e4.<\/p>\n<p>&nbsp;<\/p>\n<p><a href=\"https:\/\/infovini.it\/fi\/\">Takaisin kotiin<\/a><\/p>","protected":false},"featured_media":1173,"comment_status":"closed","ping_status":"closed","template":"","meta":[],"product_cat":[21],"product_tag":[],"class_list":{"0":"post-1741","1":"product","2":"type-product","3":"status-publish","4":"has-post-thumbnail","5":"hentry","6":"product_cat-bottiglie","8":"entry","9":"has-media","10":"owp-thumbs-layout-horizontal","11":"owp-btn-normal","12":"owp-tabs-layout-horizontal","13":"has-no-thumbnails","14":"has-product-nav"},"_links":{"self":[{"href":"https:\/\/infovini.it\/fi\/wp-json\/wp\/v2\/product\/1741","targetHints":{"allow":["GET"]}}],"collection":[{"href":"https:\/\/infovini.it\/fi\/wp-json\/wp\/v2\/product"}],"about":[{"href":"https:\/\/infovini.it\/fi\/wp-json\/wp\/v2\/types\/product"}],"replies":[{"embeddable":true,"href":"https:\/\/infovini.it\/fi\/wp-json\/wp\/v2\/comments?post=1741"}],"wp:featuredmedia":[{"embeddable":true,"href":"https:\/\/infovini.it\/fi\/wp-json\/wp\/v2\/media\/1173"}],"wp:attachment":[{"href":"https:\/\/infovini.it\/fi\/wp-json\/wp\/v2\/media?parent=1741"}],"wp:term":[{"taxonomy":"product_cat","embeddable":true,"href":"https:\/\/infovini.it\/fi\/wp-json\/wp\/v2\/product_cat?post=1741"},{"taxonomy":"product_tag","embeddable":true,"href":"https:\/\/infovini.it\/fi\/wp-json\/wp\/v2\/product_tag?post=1741"}],"curies":[{"name":"wp","href":"https:\/\/api.w.org\/{rel}","templated":true}]}}