{"id":1250,"date":"2023-03-13T10:35:02","date_gmt":"2023-03-13T10:35:02","guid":{"rendered":"https:\/\/infovini.it\/?post_type=product&#038;p=1250"},"modified":"2025-06-03T14:44:30","modified_gmt":"2025-06-03T14:44:30","slug":"8000305301033","status":"publish","type":"product","link":"https:\/\/infovini.it\/fi\/product\/8000305301033\/","title":{"rendered":"8000305301033"},"content":{"rendered":"","protected":false},"excerpt":{"rendered":"<h2 style=\"text-align: center;\">Lugana DOC &#8211; Villa Rosa<\/h2>\n<hr \/>\n<h3><em><strong>AINESOSAT<\/strong><\/em><\/h3>\n<p>Viiniryp\u00e4leet, puhdistettu tiivistetty ryp\u00e4lemehu, stabilointiaine: E414, s\u00e4il\u00f6nt\u00e4aine: <strong>E220<\/strong><\/p>\n<p><strong>Allergeenit:<\/strong>\u00a0 <strong>Rikkidioksidi.<\/strong><\/p>\n<p>Pullotettu suojaavassa ilmakeh\u00e4ss\u00e4<\/p>\n<hr \/>\n<h3><em><strong>RAVINTOALUEIDEN ILMOITUS<\/strong><\/em><\/h3>\n<p><strong>Keskim\u00e4\u00e4r\u00e4iset ravintoarvot per 100 ml:<\/strong><\/p>\n<p><strong>Energia-arvo: <\/strong>310\u00a0kJ \/ 74 kcal<\/p>\n<p><strong>Rasvat:<\/strong> 0 g<br \/>\n<strong>josta tyydyttyneet rasvat:<\/strong> 0 g<\/p>\n<p><strong>Hiilihydraatit:<\/strong> 0,80 g<br \/>\n<strong>josta sokereita:<\/strong> 0,80 g<\/p>\n<p><strong>Proteiinit: <\/strong>0 g<\/p>\n<p><strong>Suola: <\/strong>0 g<\/p>\n<hr \/>\n<h3><em><strong>H\u00c4VITT\u00c4MISTIEDOT<\/strong><\/em><\/h3>\n<p><strong>Pullo: <\/strong>GL70 \u2013 Lasikokoelma<\/p>\n<p><strong>Korkki: <\/strong>LDPE4 \u2013 Muovikokoelma<\/p>\n<p><strong>Kapseli: <\/strong>C\/PVC90 \u2013 Muovikokoelma<\/p>\n<p>J\u00e4tteiden lajittelu. Tarkista kuntasi ker\u00e4ysj\u00e4rjestelm\u00e4.<\/p>\n<p>&nbsp;<\/p>\n<p><a href=\"https:\/\/infovini.it\/fi\/\">Takaisin kotiin<\/a><\/p>","protected":false},"featured_media":1670,"comment_status":"closed","ping_status":"closed","template":"","meta":[],"product_cat":[21],"product_tag":[],"class_list":{"0":"post-1250","1":"product","2":"type-product","3":"status-publish","4":"has-post-thumbnail","5":"hentry","6":"product_cat-bottiglie","8":"entry","9":"has-media","10":"owp-thumbs-layout-horizontal","11":"owp-btn-normal","12":"owp-tabs-layout-horizontal","13":"has-no-thumbnails","14":"has-product-nav"},"_links":{"self":[{"href":"https:\/\/infovini.it\/fi\/wp-json\/wp\/v2\/product\/1250","targetHints":{"allow":["GET"]}}],"collection":[{"href":"https:\/\/infovini.it\/fi\/wp-json\/wp\/v2\/product"}],"about":[{"href":"https:\/\/infovini.it\/fi\/wp-json\/wp\/v2\/types\/product"}],"replies":[{"embeddable":true,"href":"https:\/\/infovini.it\/fi\/wp-json\/wp\/v2\/comments?post=1250"}],"wp:featuredmedia":[{"embeddable":true,"href":"https:\/\/infovini.it\/fi\/wp-json\/wp\/v2\/media\/1670"}],"wp:attachment":[{"href":"https:\/\/infovini.it\/fi\/wp-json\/wp\/v2\/media?parent=1250"}],"wp:term":[{"taxonomy":"product_cat","embeddable":true,"href":"https:\/\/infovini.it\/fi\/wp-json\/wp\/v2\/product_cat?post=1250"},{"taxonomy":"product_tag","embeddable":true,"href":"https:\/\/infovini.it\/fi\/wp-json\/wp\/v2\/product_tag?post=1250"}],"curies":[{"name":"wp","href":"https:\/\/api.w.org\/{rel}","templated":true}]}}