{"id":1368,"date":"2023-03-14T15:52:55","date_gmt":"2023-03-14T15:52:55","guid":{"rendered":"https:\/\/infovini.it\/?post_type=product&#038;p=1368"},"modified":"2025-05-28T06:30:31","modified_gmt":"2025-05-28T06:30:31","slug":"8000305511029","status":"publish","type":"product","link":"https:\/\/infovini.it\/et\/product\/8000305511029\/","title":{"rendered":"8000305511029"},"content":{"rendered":"","protected":false},"excerpt":{"rendered":"<h2 style=\"text-align: center;\">\u201cCol Reale\u201d Veneto IGT Bianco &#8211; Terre di Pr\u00e0<\/h2>\n<hr \/>\n<h3><em><strong>KOOSTISOSAD<\/strong><\/em><\/h3>\n<p>Viinamarjad, rektifitseeritud kontsentreeritud viinamarjavirre, stabilisaator: E414, s\u00e4ilitusaine: <strong>E220<\/strong><\/p>\n<p><strong>Allergeni:\u00a0Anidride solforosa.<\/strong><\/p>\n<p>Villitud kaitsvas atmosf\u00e4\u00e4ris<\/p>\n<hr \/>\n<h3><em><strong>TOITUMISE DEKLARATSIOON<\/strong><\/em><\/h3>\n<p><strong>Keskmine toitev\u00e4\u00e4rtus 100 ml kohta:<\/strong><\/p>\n<p><strong>Energia v\u00e4\u00e4rtus: <\/strong>311 kJ \/ 74 kcal<\/p>\n<p><strong>Rasvad:<\/strong> 0 g<br \/>\n<strong>millest k\u00fcllastunud rasvad:<\/strong> 0 g<\/p>\n<p><strong>S\u00fcsivesikud:<\/strong> 0,90 g<br \/>\n<strong>millest suhkrud:<\/strong> 0,90 g<\/p>\n<p><strong>Valgud: <\/strong>0 g<\/p>\n<p><strong>Sool: <\/strong>0 g<\/p>\n<hr \/>\n<h3><em><strong>TOITUMISE DEKLARATSIOON<\/strong><\/em><\/h3>\n<p><strong>Keskmine toitev\u00e4\u00e4rtus 100 ml kohta:<\/strong><\/p>\n<p><strong>Energia v\u00e4\u00e4rtus: <\/strong>311 kJ \/ 74 kcal<\/p>\n<p><strong>Rasvad:<\/strong> 0 g<br \/>\n<strong>millest k\u00fcllastunud rasvad:<\/strong> 0 g<\/p>\n<p><strong>S\u00fcsivesikud:<\/strong> 0,90 g<br \/>\n<strong>millest suhkrud:<\/strong> 0,90 g<\/p>\n<p><strong>Valgud: <\/strong>0 g<\/p>\n<p><strong>Sool: <\/strong>0 g<\/p>\n<hr \/>\n<h3><em><strong>K\u00d5RVALDAMISTEAVE<\/strong><\/em><\/h3>\n<p><strong>Pudel: <\/strong>GL70 \u2013 Klaasikollektsioon<\/p>\n<p><strong>Sulgemine:<br \/>\n<\/strong>\u2013 korgiga: LDPE4 \u2013 Plastkollektsioon<br \/>\n\u2013 kruvi: C\/ALU90 \u2013 Alumiiniumkollektsioon<\/p>\n<p><strong>Kapsel: <\/strong>C\/PVC90 \u2013 Plastikkollektsioon<\/p>\n<p>J\u00e4\u00e4tmete sorteerimine. Kontrollige oma valla kogumiss\u00fcsteemi.<\/p>\n<p>&nbsp;<\/p>\n<p><a href=\"https:\/\/infovini.it\/et\/\">Tagasi koju<\/a><\/p>","protected":false},"featured_media":1369,"comment_status":"closed","ping_status":"closed","template":"","meta":[],"product_cat":[21],"product_tag":[],"class_list":{"0":"post-1368","1":"product","2":"type-product","3":"status-publish","4":"has-post-thumbnail","5":"hentry","6":"product_cat-bottiglie","8":"entry","9":"has-media","10":"owp-thumbs-layout-horizontal","11":"owp-btn-normal","12":"owp-tabs-layout-horizontal","13":"has-no-thumbnails","14":"has-product-nav"},"_links":{"self":[{"href":"https:\/\/infovini.it\/et\/wp-json\/wp\/v2\/product\/1368","targetHints":{"allow":["GET"]}}],"collection":[{"href":"https:\/\/infovini.it\/et\/wp-json\/wp\/v2\/product"}],"about":[{"href":"https:\/\/infovini.it\/et\/wp-json\/wp\/v2\/types\/product"}],"replies":[{"embeddable":true,"href":"https:\/\/infovini.it\/et\/wp-json\/wp\/v2\/comments?post=1368"}],"wp:featuredmedia":[{"embeddable":true,"href":"https:\/\/infovini.it\/et\/wp-json\/wp\/v2\/media\/1369"}],"wp:attachment":[{"href":"https:\/\/infovini.it\/et\/wp-json\/wp\/v2\/media?parent=1368"}],"wp:term":[{"taxonomy":"product_cat","embeddable":true,"href":"https:\/\/infovini.it\/et\/wp-json\/wp\/v2\/product_cat?post=1368"},{"taxonomy":"product_tag","embeddable":true,"href":"https:\/\/infovini.it\/et\/wp-json\/wp\/v2\/product_tag?post=1368"}],"curies":[{"name":"wp","href":"https:\/\/api.w.org\/{rel}","templated":true}]}}