{"id":1179,"date":"2023-03-09T15:58:58","date_gmt":"2023-03-09T15:58:58","guid":{"rendered":"https:\/\/infovini.it\/?post_type=product&#038;p=1179"},"modified":"2025-06-11T09:23:07","modified_gmt":"2025-06-11T09:23:07","slug":"8000305085001","status":"publish","type":"product","link":"https:\/\/infovini.it\/et\/product\/8000305085001\/","title":{"rendered":"8000305085001"},"content":{"rendered":"","protected":false},"excerpt":{"rendered":"<h2 style=\"text-align: center;\">\u201cDi Carlo\u201d Collezione Carlo Lenotti Amarone della Valpolicella DOCG Classico &#8211; Cantine Lenotti<\/h2>\n<hr \/>\n<h3><em><strong>KOOSTISOSAD<\/strong><\/em><\/h3>\n<p>Viinamarjad, rektifitseeritud kontsentreeritud viinamarjavirre, stabilisaator: E414, INS 455, s\u00e4ilitusaine: <strong>E220<\/strong><\/p>\n<p><strong>Allergeenid:<\/strong> <strong>V\u00e4\u00e4veldioksiid.<\/strong><\/p>\n<p>Villitud kaitsvas atmosf\u00e4\u00e4ris<\/p>\n<hr \/>\n<h3><em><strong>K\u00d5RVALDAMISTEAVE<\/strong><\/em><\/h3>\n<p><strong>Pudel: <\/strong>GL71 \u2013 Klaasikollektsioon<\/p>\n<p><strong>Kork: <\/strong>LDPE4 \u2013 Plastkollektsioon<\/p>\n<p><strong>Kapsel: <\/strong>C\/PVC90 \u2013 Plastikkollektsioon<\/p>\n<p>J\u00e4\u00e4tmete sorteerimine. Kontrollige oma riigi kogumiss\u00fcsteemi.<\/p>\n<p>&nbsp;<\/p>\n<p><a href=\"https:\/\/infovini.it\/et\/\">Tagasi koju<\/a><\/p>","protected":false},"featured_media":1710,"comment_status":"closed","ping_status":"closed","template":"","meta":[],"product_cat":[21],"product_tag":[],"class_list":{"0":"post-1179","1":"product","2":"type-product","3":"status-publish","4":"has-post-thumbnail","5":"hentry","6":"product_cat-bottiglie","8":"entry","9":"has-media","10":"owp-thumbs-layout-horizontal","11":"owp-btn-normal","12":"owp-tabs-layout-horizontal","13":"has-no-thumbnails","14":"has-product-nav"},"_links":{"self":[{"href":"https:\/\/infovini.it\/et\/wp-json\/wp\/v2\/product\/1179","targetHints":{"allow":["GET"]}}],"collection":[{"href":"https:\/\/infovini.it\/et\/wp-json\/wp\/v2\/product"}],"about":[{"href":"https:\/\/infovini.it\/et\/wp-json\/wp\/v2\/types\/product"}],"replies":[{"embeddable":true,"href":"https:\/\/infovini.it\/et\/wp-json\/wp\/v2\/comments?post=1179"}],"wp:featuredmedia":[{"embeddable":true,"href":"https:\/\/infovini.it\/et\/wp-json\/wp\/v2\/media\/1710"}],"wp:attachment":[{"href":"https:\/\/infovini.it\/et\/wp-json\/wp\/v2\/media?parent=1179"}],"wp:term":[{"taxonomy":"product_cat","embeddable":true,"href":"https:\/\/infovini.it\/et\/wp-json\/wp\/v2\/product_cat?post=1179"},{"taxonomy":"product_tag","embeddable":true,"href":"https:\/\/infovini.it\/et\/wp-json\/wp\/v2\/product_tag?post=1179"}],"curies":[{"name":"wp","href":"https:\/\/api.w.org\/{rel}","templated":true}]}}