{"id":1433,"date":"2024-06-17T10:03:21","date_gmt":"2024-06-17T10:03:21","guid":{"rendered":"https:\/\/infovini.it\/?post_type=product&#038;p=1433"},"modified":"2025-05-30T11:06:50","modified_gmt":"2025-05-30T11:06:50","slug":"8000305005061","status":"publish","type":"product","link":"https:\/\/infovini.it\/de\/product\/8000305005061\/","title":{"rendered":"8000305005061"},"content":{"rendered":"","protected":false},"excerpt":{"rendered":"<h2 class=\"elementor-heading-title elementor-size-default\" style=\"text-align: center;\">\u201eMassimo\u201c Veneto IGT Rosso \u2013 Cantine Lenotti<\/h2>\n<hr \/>\n<h3><em><strong>ZUTATEN<\/strong><\/em><\/h3>\n<p>Trauben, rektifiziertes Mostkonzentrat, Stabilisator: E414, INS 455, Konservierungsmittel: <strong>E220<\/strong><\/p>\n<p><strong>Allergen:<\/strong> <strong>Schwefeldioxid<\/strong>.<\/p>\n<p>Unter Schutzatmosph\u00e4re abgef\u00fcllt<\/p>\n<hr \/>\n<h3><em><strong>N\u00c4HRWERTDEKLARATION<\/strong><\/em><\/h3>\n<p><strong>Durchschnittliche N\u00e4hrwertanjgaben pro 100ml:<\/strong><\/p>\n<p><strong>Energie: <\/strong>359 kJ \/ 86 kcal<\/p>\n<p><strong>Fett:<\/strong> 0 g<br \/>\n<strong>davon ges\u00e4ttigte Fetts\u00e4uren:<\/strong> 0 g<\/p>\n<p><strong>Kohlenhydrate:<\/strong> 1,00 g<br \/>\n<strong>davon Zucker:<\/strong> 1,00 g<\/p>\n<p><strong>Eiwei\u00df: <\/strong>0 g<\/p>\n<p><strong>Salz: <\/strong>0 g<\/p>\n<hr \/>\n<h3><em><strong>INFORMATIONEN ZUR ENTSORGUNG<\/strong><\/em><\/h3>\n<p><strong>Flasche: <\/strong>GL71 \u2013 Glasabfall<\/p>\n<p><strong>Verschluss 0,75 lt: <\/strong>LDPE4 \u2013 Kunststoffabfall<\/p>\n<p><strong>1,5 l Verschluss:<\/strong> LDPE4 \u2013 Kunststoffabfall<\/p>\n<p><strong>3-Liter-Kappe<\/strong>: FOR51 \u2013 Spezielle Sammlung<\/p>\n<p><strong>Kapsel: <\/strong>C\/PVC90 \u2013 Kunststoffabfall<\/p>\n<p>M\u00fclltrennung. \u00dcberpr\u00fcfen Sie das Sammelsystem in Ihrem Land.<\/p>\n<p>&nbsp;<\/p>\n<p><a href=\"https:\/\/infovini.it\/de\/\">Zur\u00fcck nach Homepage<\/a><\/p>","protected":false},"featured_media":1434,"comment_status":"closed","ping_status":"closed","template":"","meta":[],"product_cat":[21],"product_tag":[],"class_list":{"0":"post-1433","1":"product","2":"type-product","3":"status-publish","4":"has-post-thumbnail","5":"hentry","6":"product_cat-bottiglie","8":"entry","9":"has-media","10":"owp-thumbs-layout-horizontal","11":"owp-btn-normal","12":"owp-tabs-layout-horizontal","13":"has-no-thumbnails","14":"has-product-nav"},"_links":{"self":[{"href":"https:\/\/infovini.it\/de\/wp-json\/wp\/v2\/product\/1433","targetHints":{"allow":["GET"]}}],"collection":[{"href":"https:\/\/infovini.it\/de\/wp-json\/wp\/v2\/product"}],"about":[{"href":"https:\/\/infovini.it\/de\/wp-json\/wp\/v2\/types\/product"}],"replies":[{"embeddable":true,"href":"https:\/\/infovini.it\/de\/wp-json\/wp\/v2\/comments?post=1433"}],"wp:featuredmedia":[{"embeddable":true,"href":"https:\/\/infovini.it\/de\/wp-json\/wp\/v2\/media\/1434"}],"wp:attachment":[{"href":"https:\/\/infovini.it\/de\/wp-json\/wp\/v2\/media?parent=1433"}],"wp:term":[{"taxonomy":"product_cat","embeddable":true,"href":"https:\/\/infovini.it\/de\/wp-json\/wp\/v2\/product_cat?post=1433"},{"taxonomy":"product_tag","embeddable":true,"href":"https:\/\/infovini.it\/de\/wp-json\/wp\/v2\/product_tag?post=1433"}],"curies":[{"name":"wp","href":"https:\/\/api.w.org\/{rel}","templated":true}]}}