{"id":1425,"date":"2024-04-11T09:23:09","date_gmt":"2024-04-11T09:23:09","guid":{"rendered":"https:\/\/infovini.it\/?post_type=product&#038;p=1425"},"modified":"2025-05-28T06:29:45","modified_gmt":"2025-05-28T06:29:45","slug":"8000305001018","status":"publish","type":"product","link":"https:\/\/infovini.it\/cs\/product\/8000305001018\/","title":{"rendered":"8000305001018"},"content":{"rendered":"","protected":false},"excerpt":{"rendered":"<h2 style=\"text-align: center;\">&#8220;Carlo Lenotti&#8221; Collezione Pinot Grigio delle Venezie DOC &#8211; Cantine Lenotti<\/h2>\n<hr \/>\n<h3><em><strong>INGREDIENCE<\/strong><\/em><\/h3>\n<p>Hrozny, rektifikovan\u00fd mo\u0161tov\u00fd koncentr\u00e1t, stabiliz\u00e1tor: E414, konzervant: <strong>E220<\/strong><\/p>\n<p><strong>Alergeny:<\/strong> Oxid si\u0159i\u010dit\u00fd.<\/p>\n<p>Lahvov\u00e1no v ochrann\u00e9 atmosf\u00e9\u0159e<\/p>\n<hr \/>\n<h3><em><strong>V\u00dd\u017dIVOV\u00c9 PROHL\u00c1\u0160EN\u00cd<\/strong><\/em><\/h3>\n<p><strong>Pr\u016fm\u011brn\u00e9 nutri\u010dn\u00ed hodnoty na 100 ml:<\/strong><\/p>\n<p><strong>Energetick\u00e1 hodnota: <\/strong>310 kJ \/ 74 kcal<\/p>\n<p><strong>tuky:<\/strong> 0 g<br \/>\n<strong>z toho nasycen\u00e9 tuky:<\/strong> 0 g<\/p>\n<p><strong>Sacharidy:<\/strong> 0,80 g<br \/>\n<strong>z toho cukry:<\/strong> 0,80 g<\/p>\n<p><strong>B\u00edlkoviny: <\/strong>0 g<\/p>\n<p><strong>S\u016fl: <\/strong>0 g<\/p>\n<hr \/>\n<h3><em><strong>INFORMACE O LIKVIDACI<\/strong><\/em><\/h3>\n<p><strong>L\u00e1hev: <\/strong>GL70 \u2013 Kolekce skla<\/p>\n<p><strong>Uzav\u0159en\u00ed:<br \/>\n<\/strong>\u2013 s uz\u00e1v\u011brem: LDPE4 \u2013 Plastov\u00fd sb\u011br<br \/>\n\u2013 \u0161roub: C\/ALU90 \u2013 Kolekce hlin\u00edku<\/p>\n<p><strong>Kapsle: <\/strong>C\/PVC90 \u2013 Kolekce plast\u016f<\/p>\n<p>T\u0159\u00edd\u011bn\u00ed odpadu. Zkontrolujte syst\u00e9m sb\u011bru ve va\u0161\u00ed obci.<\/p>\n<p>&nbsp;<\/p>\n<p><a href=\"https:\/\/infovini.it\/cs\/\">Zp\u00e1tky dom\u016f<\/a><\/p>","protected":false},"featured_media":1426,"comment_status":"closed","ping_status":"closed","template":"","meta":[],"product_cat":[21],"product_tag":[],"class_list":{"0":"post-1425","1":"product","2":"type-product","3":"status-publish","4":"has-post-thumbnail","5":"hentry","6":"product_cat-bottiglie","8":"entry","9":"has-media","10":"owp-thumbs-layout-horizontal","11":"owp-btn-normal","12":"owp-tabs-layout-horizontal","13":"has-no-thumbnails","14":"has-product-nav"},"_links":{"self":[{"href":"https:\/\/infovini.it\/cs\/wp-json\/wp\/v2\/product\/1425","targetHints":{"allow":["GET"]}}],"collection":[{"href":"https:\/\/infovini.it\/cs\/wp-json\/wp\/v2\/product"}],"about":[{"href":"https:\/\/infovini.it\/cs\/wp-json\/wp\/v2\/types\/product"}],"replies":[{"embeddable":true,"href":"https:\/\/infovini.it\/cs\/wp-json\/wp\/v2\/comments?post=1425"}],"wp:featuredmedia":[{"embeddable":true,"href":"https:\/\/infovini.it\/cs\/wp-json\/wp\/v2\/media\/1426"}],"wp:attachment":[{"href":"https:\/\/infovini.it\/cs\/wp-json\/wp\/v2\/media?parent=1425"}],"wp:term":[{"taxonomy":"product_cat","embeddable":true,"href":"https:\/\/infovini.it\/cs\/wp-json\/wp\/v2\/product_cat?post=1425"},{"taxonomy":"product_tag","embeddable":true,"href":"https:\/\/infovini.it\/cs\/wp-json\/wp\/v2\/product_tag?post=1425"}],"curies":[{"name":"wp","href":"https:\/\/api.w.org\/{rel}","templated":true}]}}